{"id":8932,"date":"2024-09-16T16:58:16","date_gmt":"2024-09-16T14:58:16","guid":{"rendered":"https:\/\/www.omzsrl.it\/tizian\/"},"modified":"2024-09-16T17:03:10","modified_gmt":"2024-09-16T15:03:10","slug":"tizian","status":"publish","type":"page","link":"https:\/\/www.omzsrl.it\/en\/tizian\/","title":{"rendered":"Tizian"},"content":{"rendered":"\t\t<div data-elementor-type=\"wp-page\" data-elementor-id=\"8932\" class=\"elementor elementor-8932 elementor-8919\">\n\t\t\t\t\t\t<section class=\"elementor-section elementor-top-section elementor-element elementor-element-4b42767 elementor-section-boxed elementor-section-height-default elementor-section-height-default qodef-elementor-content-no\" data-id=\"4b42767\" data-element_type=\"section\" data-e-type=\"section\">\n\t\t\t\t\t\t<div class=\"elementor-container elementor-column-gap-default\">\n\t\t\t\t\t<div class=\"elementor-column elementor-col-100 elementor-top-column elementor-element elementor-element-55d7e89\" data-id=\"55d7e89\" data-element_type=\"column\" data-e-type=\"column\">\n\t\t\t<div class=\"elementor-widget-wrap elementor-element-populated\">\n\t\t\t\t\t\t<div class=\"elementor-element elementor-element-d89a098 elementor-widget elementor-widget-heading\" data-id=\"d89a098\" data-element_type=\"widget\" data-e-type=\"widget\" data-widget_type=\"heading.default\">\n\t\t\t\t<div class=\"elementor-widget-container\">\n\t\t\t\t\t<h2 class=\"elementor-heading-title elementor-size-default\">Tizian<\/h2>\t\t\t\t<\/div>\n\t\t\t\t<\/div>\n\t\t\t\t<div class=\"elementor-element elementor-element-fb436ce elementor-widget elementor-widget-text-editor\" data-id=\"fb436ce\" data-element_type=\"widget\" data-e-type=\"widget\" data-widget_type=\"text-editor.default\">\n\t\t\t\t<div class=\"elementor-widget-container\">\n\t\t\t\t\t\t\t\t\t<p><strong>Descripci\u00f3n breve de vuestra experiencia con DOMO\/OMZ<\/strong><\/p>\n<p style=\"font-weight: 400;\">Nuestra experiencia con DOMO\/OMZ ha sido totalmente satisfactoria. Muy profesionales y en toto momento asesor\u00e1ndonos para poder montar una planta de Vaporizado de Cisternas TOP. <\/p>\n<p style=\"font-weight: 400;\"><strong> <\/strong><\/p>\n<p><strong>Beneficios o mejoras de optar por nuestros equipos y tecnolog\u00eda.<\/strong><\/p>\n<p style=\"font-weight: 400;\">Automatizaci\u00f3n al 100%, Sencillez en los procesos, agilidad en la utilizaci\u00f3n, Calidad, etc<\/p>\n<p style=\"font-weight: 400;\"><strong> <\/strong><\/p>\n<p><strong>Que es lo que m\u00e1s destacar\u00edas sobre nuestros productos y por qu\u00e9<\/strong><\/p>\n<p style=\"font-weight: 400;\">La Atenci\u00f3n al cliente y sobre todo la supervisi\u00f3n 24&#215;365 d\u00edas<\/p>\n<p style=\"font-weight: 400;\"><strong> <\/strong><\/p>\n<p><strong>Si recomendar\u00edas nuestros productos y servicios a otras empresas y por qu\u00e9.<\/strong><\/p>\n<p style=\"font-weight: 400;\">Como indicaba anteriormente, es de lo mejor que me he encontrado en el mercado, sencillez en el manejo, muy buena Calidad y sobre todo el servicio de Atenci\u00f3n al Cliente<em>.<\/em><\/p>\n\t\t\t\t\t\t\t\t<\/div>\n\t\t\t\t<\/div>\n\t\t\t\t\t<\/div>\n\t\t<\/div>\n\t\t\t\t\t<\/div>\n\t\t<\/section>\n\t\t\t\t<section class=\"elementor-section elementor-top-section elementor-element elementor-element-612dc39 elementor-section-boxed elementor-section-height-default elementor-section-height-default qodef-elementor-content-no\" data-id=\"612dc39\" data-element_type=\"section\" data-e-type=\"section\">\n\t\t\t\t\t\t<div class=\"elementor-container elementor-column-gap-default\">\n\t\t\t\t\t<div class=\"elementor-column elementor-col-100 elementor-top-column elementor-element elementor-element-7a63ca9\" data-id=\"7a63ca9\" data-element_type=\"column\" data-e-type=\"column\">\n\t\t\t<div class=\"elementor-widget-wrap elementor-element-populated\">\n\t\t\t\t\t\t<div class=\"elementor-element elementor-element-3188385 elementor-widget elementor-widget-image-gallery\" data-id=\"3188385\" data-element_type=\"widget\" data-e-type=\"widget\" data-widget_type=\"image-gallery.default\">\n\t\t\t\t<div class=\"elementor-widget-container\">\n\t\t\t\t\t\t\t<div class=\"elementor-image-gallery\">\n\t\t\t\n\t\t<style type=\"text\/css\">\n\t\t\t#gallery-1 {\n\t\t\t\tmargin: auto;\n\t\t\t}\n\t\t\t#gallery-1 .gallery-item {\n\t\t\t\tfloat: left;\n\t\t\t\tmargin-top: 10px;\n\t\t\t\ttext-align: center;\n\t\t\t\twidth: 33%;\n\t\t\t}\n\t\t\t#gallery-1 img {\n\t\t\t\tborder: 2px solid #cfcfcf;\n\t\t\t}\n\t\t\t#gallery-1 .gallery-caption {\n\t\t\t\tmargin-left: 0;\n\t\t\t}\n\t\t\t\/* see gallery_shortcode() in wp-includes\/media.php *\/\n\t\t<\/style>\n\t\t<div id='gallery-1' class='gallery galleryid-8932 gallery-columns-3 gallery-size-stal_image_size_square'><dl class='gallery-item'>\n\t\t\t<dt class='gallery-icon landscape'>\n\t\t\t\t<a data-elementor-open-lightbox=\"yes\" data-elementor-lightbox-slideshow=\"3188385\" data-elementor-lightbox-title=\"1 (1)\" data-e-action-hash=\"#elementor-action%3Aaction%3Dlightbox%26settings%3DeyJpZCI6ODkyMSwidXJsIjoiaHR0cHM6XC9cL3d3dy5vbXpzcmwuaXRcL3dwLWNvbnRlbnRcL3VwbG9hZHNcLzIwMjRcLzA5XC8xLTEtc2NhbGVkLmpwZyIsInNsaWRlc2hvdyI6IjMxODgzODUifQ%3D%3D\" href='https:\/\/www.omzsrl.it\/wp-content\/uploads\/2024\/09\/1-1-scaled.jpg'><img loading=\"lazy\" decoding=\"async\" width=\"650\" height=\"650\" src=\"https:\/\/www.omzsrl.it\/wp-content\/uploads\/2024\/09\/1-1-650x650.jpg\" class=\"attachment-stal_image_size_square size-stal_image_size_square\" alt=\"\" srcset=\"https:\/\/www.omzsrl.it\/wp-content\/uploads\/2024\/09\/1-1-650x650.jpg 650w, https:\/\/www.omzsrl.it\/wp-content\/uploads\/2024\/09\/1-1-150x150.jpg 150w, https:\/\/www.omzsrl.it\/wp-content\/uploads\/2024\/09\/1-1-1300x1300.jpg 1300w, https:\/\/www.omzsrl.it\/wp-content\/uploads\/2024\/09\/1-1-82x82.jpg 82w, https:\/\/www.omzsrl.it\/wp-content\/uploads\/2024\/09\/1-1-300x300.jpg 300w, https:\/\/www.omzsrl.it\/wp-content\/uploads\/2024\/09\/1-1-100x100.jpg 100w\" sizes=\"(max-width: 650px) 100vw, 650px\" \/><\/a>\n\t\t\t<\/dt><\/dl><dl class='gallery-item'>\n\t\t\t<dt class='gallery-icon landscape'>\n\t\t\t\t<a data-elementor-open-lightbox=\"yes\" data-elementor-lightbox-slideshow=\"3188385\" data-elementor-lightbox-title=\"4 (1)\" data-e-action-hash=\"#elementor-action%3Aaction%3Dlightbox%26settings%3DeyJpZCI6ODkyMywidXJsIjoiaHR0cHM6XC9cL3d3dy5vbXpzcmwuaXRcL3dwLWNvbnRlbnRcL3VwbG9hZHNcLzIwMjRcLzA5XC80LTEtc2NhbGVkLmpwZyIsInNsaWRlc2hvdyI6IjMxODgzODUifQ%3D%3D\" href='https:\/\/www.omzsrl.it\/wp-content\/uploads\/2024\/09\/4-1-scaled.jpg'><img loading=\"lazy\" decoding=\"async\" width=\"650\" height=\"650\" src=\"https:\/\/www.omzsrl.it\/wp-content\/uploads\/2024\/09\/4-1-650x650.jpg\" class=\"attachment-stal_image_size_square size-stal_image_size_square\" alt=\"\" srcset=\"https:\/\/www.omzsrl.it\/wp-content\/uploads\/2024\/09\/4-1-650x650.jpg 650w, https:\/\/www.omzsrl.it\/wp-content\/uploads\/2024\/09\/4-1-150x150.jpg 150w, https:\/\/www.omzsrl.it\/wp-content\/uploads\/2024\/09\/4-1-1300x1300.jpg 1300w, https:\/\/www.omzsrl.it\/wp-content\/uploads\/2024\/09\/4-1-82x82.jpg 82w, https:\/\/www.omzsrl.it\/wp-content\/uploads\/2024\/09\/4-1-300x300.jpg 300w, https:\/\/www.omzsrl.it\/wp-content\/uploads\/2024\/09\/4-1-100x100.jpg 100w\" sizes=\"(max-width: 650px) 100vw, 650px\" \/><\/a>\n\t\t\t<\/dt><\/dl><dl class='gallery-item'>\n\t\t\t<dt class='gallery-icon landscape'>\n\t\t\t\t<a data-elementor-open-lightbox=\"yes\" data-elementor-lightbox-slideshow=\"3188385\" data-elementor-lightbox-title=\"3 (1)\" data-e-action-hash=\"#elementor-action%3Aaction%3Dlightbox%26settings%3DeyJpZCI6ODkyNSwidXJsIjoiaHR0cHM6XC9cL3d3dy5vbXpzcmwuaXRcL3dwLWNvbnRlbnRcL3VwbG9hZHNcLzIwMjRcLzA5XC8zLTEtc2NhbGVkLmpwZyIsInNsaWRlc2hvdyI6IjMxODgzODUifQ%3D%3D\" href='https:\/\/www.omzsrl.it\/wp-content\/uploads\/2024\/09\/3-1-scaled.jpg'><img loading=\"lazy\" decoding=\"async\" width=\"650\" height=\"650\" src=\"https:\/\/www.omzsrl.it\/wp-content\/uploads\/2024\/09\/3-1-650x650.jpg\" class=\"attachment-stal_image_size_square size-stal_image_size_square\" alt=\"\" srcset=\"https:\/\/www.omzsrl.it\/wp-content\/uploads\/2024\/09\/3-1-650x650.jpg 650w, https:\/\/www.omzsrl.it\/wp-content\/uploads\/2024\/09\/3-1-150x150.jpg 150w, https:\/\/www.omzsrl.it\/wp-content\/uploads\/2024\/09\/3-1-1300x1300.jpg 1300w, https:\/\/www.omzsrl.it\/wp-content\/uploads\/2024\/09\/3-1-82x82.jpg 82w, https:\/\/www.omzsrl.it\/wp-content\/uploads\/2024\/09\/3-1-300x300.jpg 300w, https:\/\/www.omzsrl.it\/wp-content\/uploads\/2024\/09\/3-1-100x100.jpg 100w\" sizes=\"(max-width: 650px) 100vw, 650px\" \/><\/a>\n\t\t\t<\/dt><\/dl><br style=\"clear: both\" \/><dl class='gallery-item'>\n\t\t\t<dt class='gallery-icon landscape'>\n\t\t\t\t<a data-elementor-open-lightbox=\"yes\" data-elementor-lightbox-slideshow=\"3188385\" data-elementor-lightbox-title=\"2 (1)\" data-e-action-hash=\"#elementor-action%3Aaction%3Dlightbox%26settings%3DeyJpZCI6ODkyNywidXJsIjoiaHR0cHM6XC9cL3d3dy5vbXpzcmwuaXRcL3dwLWNvbnRlbnRcL3VwbG9hZHNcLzIwMjRcLzA5XC8yLTEtc2NhbGVkLmpwZyIsInNsaWRlc2hvdyI6IjMxODgzODUifQ%3D%3D\" href='https:\/\/www.omzsrl.it\/wp-content\/uploads\/2024\/09\/2-1-scaled.jpg'><img loading=\"lazy\" decoding=\"async\" width=\"650\" height=\"650\" src=\"https:\/\/www.omzsrl.it\/wp-content\/uploads\/2024\/09\/2-1-650x650.jpg\" class=\"attachment-stal_image_size_square size-stal_image_size_square\" alt=\"\" srcset=\"https:\/\/www.omzsrl.it\/wp-content\/uploads\/2024\/09\/2-1-650x650.jpg 650w, https:\/\/www.omzsrl.it\/wp-content\/uploads\/2024\/09\/2-1-150x150.jpg 150w, https:\/\/www.omzsrl.it\/wp-content\/uploads\/2024\/09\/2-1-1300x1300.jpg 1300w, https:\/\/www.omzsrl.it\/wp-content\/uploads\/2024\/09\/2-1-82x82.jpg 82w, https:\/\/www.omzsrl.it\/wp-content\/uploads\/2024\/09\/2-1-300x300.jpg 300w, https:\/\/www.omzsrl.it\/wp-content\/uploads\/2024\/09\/2-1-100x100.jpg 100w\" sizes=\"(max-width: 650px) 100vw, 650px\" \/><\/a>\n\t\t\t<\/dt><\/dl>\n\t\t\t<br style='clear: both' \/>\n\t\t<\/div>\n\t\t<\/div>\n\t\t\t\t\t\t<\/div>\n\t\t\t\t<\/div>\n\t\t\t\t\t<\/div>\n\t\t<\/div>\n\t\t\t\t\t<\/div>\n\t\t<\/section>\n\t\t\t\t<section class=\"elementor-section elementor-top-section elementor-element elementor-element-b1f8ec8 elementor-section-boxed elementor-section-height-default elementor-section-height-default qodef-elementor-content-no\" data-id=\"b1f8ec8\" data-element_type=\"section\" data-e-type=\"section\">\n\t\t\t\t\t\t<div class=\"elementor-container elementor-column-gap-default\">\n\t\t\t\t\t<div class=\"elementor-column elementor-col-25 elementor-top-column elementor-element elementor-element-0762fee\" data-id=\"0762fee\" data-element_type=\"column\" data-e-type=\"column\">\n\t\t\t<div class=\"elementor-widget-wrap elementor-element-populated\">\n\t\t\t\t\t\t<div class=\"elementor-element elementor-element-a1f8d82 elementor-widget elementor-widget-text-editor\" data-id=\"a1f8d82\" data-element_type=\"widget\" data-e-type=\"widget\" data-widget_type=\"text-editor.default\">\n\t\t\t\t<div class=\"elementor-widget-container\">\n\t\t\t\t\t\t\t\t\t<div class=\"infobox__row infobox__title store-location\"><strong>TIZIAN<\/strong><\/div>\n<div class=\"store-storeReview\"> <\/div>\n<div class=\"infobox__row store-address\">\n<div class=\"infobox__row store-address\">\n<div class=\"infobox__row store-address\">C\/ Ram\u00f3n Rufi\u00e1n Milla La, Ja\u00e9n, Spain 23669<\/div>\n<\/div>\n<div class=\"infobox__row\"> <\/div>\n<\/div>\n<div class=\"infobox__row\"> <\/div>\n\t\t\t\t\t\t\t\t<\/div>\n\t\t\t\t<\/div>\n\t\t\t\t\t<\/div>\n\t\t<\/div>\n\t\t\t\t<div class=\"elementor-column elementor-col-25 elementor-top-column elementor-element elementor-element-7363a9a\" data-id=\"7363a9a\" data-element_type=\"column\" data-e-type=\"column\">\n\t\t\t<div class=\"elementor-widget-wrap elementor-element-populated\">\n\t\t\t\t\t\t<div class=\"elementor-element elementor-element-2d4455f elementor-widget elementor-widget-text-editor\" data-id=\"2d4455f\" data-element_type=\"widget\" data-e-type=\"widget\" data-widget_type=\"text-editor.default\">\n\t\t\t\t<div class=\"elementor-widget-container\">\n\t\t\t\t\t\t\t\t\t<div id=\"info-website\" class=\"infobox__subtitle\"><strong>Website<\/strong><\/div>\n<div> <\/div>\n<div class=\"infobox__subtitle\">http:\/\/www.tizian.es<\/div>\n<div> <\/div>\n\t\t\t\t\t\t\t\t<\/div>\n\t\t\t\t<\/div>\n\t\t\t\t\t<\/div>\n\t\t<\/div>\n\t\t\t\t<div class=\"elementor-column elementor-col-25 elementor-top-column elementor-element elementor-element-a81e9be\" data-id=\"a81e9be\" data-element_type=\"column\" data-e-type=\"column\">\n\t\t\t<div class=\"elementor-widget-wrap elementor-element-populated\">\n\t\t\t\t\t\t<div class=\"elementor-element elementor-element-25ca7f4 elementor-widget elementor-widget-text-editor\" data-id=\"25ca7f4\" data-element_type=\"widget\" data-e-type=\"widget\" data-widget_type=\"text-editor.default\">\n\t\t\t\t<div class=\"elementor-widget-container\">\n\t\t\t\t\t\t\t\t\t<div id=\"info-email\" class=\"infobox__subtitle\"><strong>Email<\/strong><\/div>\n<div> <\/div>\n<div class=\"infobox__subtitle\"><a href=\"mailto:administracion@tizian.es\"><a href=\"mailto:administracion@tizian.es\">administracion@tizian.es<\/a><\/a><\/div>\n<div> <\/div>\n\t\t\t\t\t\t\t\t<\/div>\n\t\t\t\t<\/div>\n\t\t\t\t\t<\/div>\n\t\t<\/div>\n\t\t\t\t<div class=\"elementor-column elementor-col-25 elementor-top-column elementor-element elementor-element-2a72854\" data-id=\"2a72854\" data-element_type=\"column\" data-e-type=\"column\">\n\t\t\t<div class=\"elementor-widget-wrap elementor-element-populated\">\n\t\t\t\t\t\t<div class=\"elementor-element elementor-element-ccbf0f8 elementor-widget elementor-widget-text-editor\" data-id=\"ccbf0f8\" data-element_type=\"widget\" data-e-type=\"widget\" data-widget_type=\"text-editor.default\">\n\t\t\t\t<div class=\"elementor-widget-container\">\n\t\t\t\t\t\t\t\t\t<div id=\"info-tel\" class=\"infobox__subtitle\"><strong>Phone<\/strong><\/div>\n<div> <\/div>\n<div class=\"infobox__subtitle\">+34 624402886<\/div>\n<div> <\/div>\n<div class=\"store-tel\"> <\/div>\n\t\t\t\t\t\t\t\t<\/div>\n\t\t\t\t<\/div>\n\t\t\t\t\t<\/div>\n\t\t<\/div>\n\t\t\t\t\t<\/div>\n\t\t<\/section>\n\t\t\t\t<\/div>\n\t\t","protected":false},"excerpt":{"rendered":"<p>Tizian Descripci\u00f3n breve de vuestra experiencia con DOMO\/OMZ Nuestra experiencia con DOMO\/OMZ ha sido totalmente satisfactoria. Muy profesionales y en toto momento asesor\u00e1ndonos para poder montar una planta de Vaporizado de Cisternas TOP. Beneficios o mejoras de optar por nuestros equipos y tecnolog\u00eda. Automatizaci\u00f3n al 100%, Sencillez en los procesos, agilidad en la utilizaci\u00f3n, Calidad, [&hellip;]<\/p>\n","protected":false},"author":2,"featured_media":0,"parent":0,"menu_order":0,"comment_status":"closed","ping_status":"closed","template":"","meta":{"footnotes":""},"class_list":["post-8932","page","type-page","status-publish","hentry"],"_links":{"self":[{"href":"https:\/\/www.omzsrl.it\/en\/wp-json\/wp\/v2\/pages\/8932"}],"collection":[{"href":"https:\/\/www.omzsrl.it\/en\/wp-json\/wp\/v2\/pages"}],"about":[{"href":"https:\/\/www.omzsrl.it\/en\/wp-json\/wp\/v2\/types\/page"}],"author":[{"embeddable":true,"href":"https:\/\/www.omzsrl.it\/en\/wp-json\/wp\/v2\/users\/2"}],"replies":[{"embeddable":true,"href":"https:\/\/www.omzsrl.it\/en\/wp-json\/wp\/v2\/comments?post=8932"}],"version-history":[{"count":1,"href":"https:\/\/www.omzsrl.it\/en\/wp-json\/wp\/v2\/pages\/8932\/revisions"}],"predecessor-version":[{"id":8933,"href":"https:\/\/www.omzsrl.it\/en\/wp-json\/wp\/v2\/pages\/8932\/revisions\/8933"}],"wp:attachment":[{"href":"https:\/\/www.omzsrl.it\/en\/wp-json\/wp\/v2\/media?parent=8932"}],"curies":[{"name":"wp","href":"https:\/\/api.w.org\/{rel}","templated":true}]}}