{"id":8525,"date":"2024-08-01T15:21:17","date_gmt":"2024-08-01T13:21:17","guid":{"rendered":"https:\/\/www.omzsrl.it\/sideco\/"},"modified":"2024-08-01T15:32:42","modified_gmt":"2024-08-01T13:32:42","slug":"sideco","status":"publish","type":"page","link":"https:\/\/www.omzsrl.it\/en\/sideco\/","title":{"rendered":"Sideco"},"content":{"rendered":"\t\t<div data-elementor-type=\"wp-page\" data-elementor-id=\"8525\" class=\"elementor elementor-8525 elementor-8506\">\n\t\t\t\t\t\t<section class=\"elementor-section elementor-top-section elementor-element elementor-element-b438b55 elementor-section-boxed elementor-section-height-default elementor-section-height-default qodef-elementor-content-no\" data-id=\"b438b55\" data-element_type=\"section\" data-e-type=\"section\">\n\t\t\t\t\t\t<div class=\"elementor-container elementor-column-gap-default\">\n\t\t\t\t\t<div class=\"elementor-column elementor-col-100 elementor-top-column elementor-element elementor-element-6c62bcd\" data-id=\"6c62bcd\" data-element_type=\"column\" data-e-type=\"column\">\n\t\t\t<div class=\"elementor-widget-wrap elementor-element-populated\">\n\t\t\t\t\t\t<div class=\"elementor-element elementor-element-aa2020e elementor-widget elementor-widget-heading\" data-id=\"aa2020e\" data-element_type=\"widget\" data-e-type=\"widget\" data-widget_type=\"heading.default\">\n\t\t\t\t<div class=\"elementor-widget-container\">\n\t\t\t\t\t<h2 class=\"elementor-heading-title elementor-size-default\">Sideco<\/h2>\t\t\t\t<\/div>\n\t\t\t\t<\/div>\n\t\t\t\t<div class=\"elementor-element elementor-element-6049074 elementor-widget elementor-widget-text-editor\" data-id=\"6049074\" data-element_type=\"widget\" data-e-type=\"widget\" data-widget_type=\"text-editor.default\">\n\t\t\t\t<div class=\"elementor-widget-container\">\n\t\t\t\t\t\t\t\t\t<p><strong>Puoi descrivere brevemente la tua esperienza con OMZ srl?<br \/><\/strong><em>E&#8217; un&#8217;esperienza nata sin dalla fase di progettazione dell&#8217;impianto di autolavaggio. Naturalmente, \u00e8 poi proseguita con la sua realizzazione e, ancora oggi, con gli interventi di manutenzione programmata. <br \/><\/em><em>In questa maniera l&#8217;impianto, oltre che risultare idoneo a tutti i sistemi di valutazione dei vari enti di certificazione (SQAS; ALCI, EFTCO), \u00e8 sempre perfettamente funzionante<\/em><\/p>\n<p><strong>Quali benefici o miglioramenti hai notato da quando utilizzi il nostro prodotto?<br \/><\/strong><em>In tutto l&#8217;iter realizzativo ci siamo affidati esclusivamente a OMZ. Come benefici di sicuro va menzionata la qualit\u00e0 dei prodotti. <br \/><\/em><em>In aggiunta, molto importante, a nostro avviso, \u00e8 stata la grande esperienza messa a disposizione da OMZ; importantissima in un settore di nicchia, non solo dal punto di vista tecnico, ma anche normativo.<\/em><\/p>\n<p><strong>Cosa ti \u00e8 piaciuto di pi\u00f9 del nostro prodotto e perch\u00e9?<br \/><\/strong><em>La qualit\u00e0 certamente. Ma anche la professionalit\u00e0 e la disponibilit\u00e0 dimostrate in varie occasioni (richieste di delucidazioni, documentazione, info sul funzionamento delle apparecchiature ecc). <\/em><\/p>\n<p style=\"font-weight: 400;\"><strong>Raccomanderesti il nostro OMZ e i suoi prodotti ad altri? Se s\u00ec, perch\u00e9? <br \/><\/strong><em>Certamente si, per la qualit\u00e0 offerta a 360 gradi, per la professionalit\u00e0 e la disponibilit\u00e0 riscontrate.<\/p>\n<p><\/em><\/p>\n<p><strong>Ing. Antonio Mainolfi<\/strong><\/p>\n<p style=\"font-weight: 400;\"><strong> <\/strong><\/p>\n\t\t\t\t\t\t\t\t<\/div>\n\t\t\t\t<\/div>\n\t\t\t\t\t<\/div>\n\t\t<\/div>\n\t\t\t\t\t<\/div>\n\t\t<\/section>\n\t\t\t\t<section class=\"elementor-section elementor-top-section elementor-element elementor-element-242ce14 elementor-section-boxed elementor-section-height-default elementor-section-height-default qodef-elementor-content-no\" data-id=\"242ce14\" data-element_type=\"section\" data-e-type=\"section\">\n\t\t\t\t\t\t<div class=\"elementor-container elementor-column-gap-default\">\n\t\t\t\t\t<div class=\"elementor-column elementor-col-100 elementor-top-column elementor-element elementor-element-5aa0473\" data-id=\"5aa0473\" data-element_type=\"column\" data-e-type=\"column\">\n\t\t\t<div class=\"elementor-widget-wrap elementor-element-populated\">\n\t\t\t\t\t\t<div class=\"elementor-element elementor-element-066fbaf elementor-widget elementor-widget-image-gallery\" data-id=\"066fbaf\" data-element_type=\"widget\" data-e-type=\"widget\" data-widget_type=\"image-gallery.default\">\n\t\t\t\t<div class=\"elementor-widget-container\">\n\t\t\t\t\t\t\t<div class=\"elementor-image-gallery\">\n\t\t\t\n\t\t<style type=\"text\/css\">\n\t\t\t#gallery-1 {\n\t\t\t\tmargin: auto;\n\t\t\t}\n\t\t\t#gallery-1 .gallery-item {\n\t\t\t\tfloat: left;\n\t\t\t\tmargin-top: 10px;\n\t\t\t\ttext-align: center;\n\t\t\t\twidth: 33%;\n\t\t\t}\n\t\t\t#gallery-1 img {\n\t\t\t\tborder: 2px solid #cfcfcf;\n\t\t\t}\n\t\t\t#gallery-1 .gallery-caption {\n\t\t\t\tmargin-left: 0;\n\t\t\t}\n\t\t\t\/* see gallery_shortcode() in wp-includes\/media.php *\/\n\t\t<\/style>\n\t\t<div id='gallery-1' class='gallery galleryid-8525 gallery-columns-3 gallery-size-medium'><dl class='gallery-item'>\n\t\t\t<dt class='gallery-icon landscape'>\n\t\t\t\t<a data-elementor-open-lightbox=\"yes\" data-elementor-lightbox-slideshow=\"066fbaf\" data-elementor-lightbox-title=\"Pista 1\" data-e-action-hash=\"#elementor-action%3Aaction%3Dlightbox%26settings%3DeyJpZCI6ODUxMCwidXJsIjoiaHR0cHM6XC9cL3d3dy5vbXpzcmwuaXRcL3dwLWNvbnRlbnRcL3VwbG9hZHNcLzIwMjRcLzA4XC9QaXN0YS0xLXNjYWxlZC5qcGciLCJzbGlkZXNob3ciOiIwNjZmYmFmIn0%3D\" href='https:\/\/www.omzsrl.it\/wp-content\/uploads\/2024\/08\/Pista-1-scaled.jpg'><img loading=\"lazy\" decoding=\"async\" width=\"300\" height=\"225\" src=\"https:\/\/www.omzsrl.it\/wp-content\/uploads\/2024\/08\/Pista-1-300x225.jpg\" class=\"attachment-medium size-medium\" alt=\"\" srcset=\"https:\/\/www.omzsrl.it\/wp-content\/uploads\/2024\/08\/Pista-1-300x225.jpg 300w, https:\/\/www.omzsrl.it\/wp-content\/uploads\/2024\/08\/Pista-1-1024x768.jpg 1024w, https:\/\/www.omzsrl.it\/wp-content\/uploads\/2024\/08\/Pista-1-768x576.jpg 768w, https:\/\/www.omzsrl.it\/wp-content\/uploads\/2024\/08\/Pista-1-1536x1152.jpg 1536w, https:\/\/www.omzsrl.it\/wp-content\/uploads\/2024\/08\/Pista-1-2048x1536.jpg 2048w, https:\/\/www.omzsrl.it\/wp-content\/uploads\/2024\/08\/Pista-1-24x18.jpg 24w, https:\/\/www.omzsrl.it\/wp-content\/uploads\/2024\/08\/Pista-1-36x27.jpg 36w, https:\/\/www.omzsrl.it\/wp-content\/uploads\/2024\/08\/Pista-1-48x36.jpg 48w, https:\/\/www.omzsrl.it\/wp-content\/uploads\/2024\/08\/Pista-1-600x450.jpg 600w\" sizes=\"(max-width: 300px) 100vw, 300px\" \/><\/a>\n\t\t\t<\/dt><\/dl><dl class='gallery-item'>\n\t\t\t<dt class='gallery-icon landscape'>\n\t\t\t\t<a data-elementor-open-lightbox=\"yes\" data-elementor-lightbox-slideshow=\"066fbaf\" data-elementor-lightbox-title=\"Pista 2\" data-e-action-hash=\"#elementor-action%3Aaction%3Dlightbox%26settings%3DeyJpZCI6ODUxMiwidXJsIjoiaHR0cHM6XC9cL3d3dy5vbXpzcmwuaXRcL3dwLWNvbnRlbnRcL3VwbG9hZHNcLzIwMjRcLzA4XC9QaXN0YS0yLXNjYWxlZC5qcGciLCJzbGlkZXNob3ciOiIwNjZmYmFmIn0%3D\" href='https:\/\/www.omzsrl.it\/wp-content\/uploads\/2024\/08\/Pista-2-scaled.jpg'><img loading=\"lazy\" decoding=\"async\" width=\"300\" height=\"225\" src=\"https:\/\/www.omzsrl.it\/wp-content\/uploads\/2024\/08\/Pista-2-300x225.jpg\" class=\"attachment-medium size-medium\" alt=\"\" srcset=\"https:\/\/www.omzsrl.it\/wp-content\/uploads\/2024\/08\/Pista-2-300x225.jpg 300w, https:\/\/www.omzsrl.it\/wp-content\/uploads\/2024\/08\/Pista-2-1024x768.jpg 1024w, https:\/\/www.omzsrl.it\/wp-content\/uploads\/2024\/08\/Pista-2-768x576.jpg 768w, https:\/\/www.omzsrl.it\/wp-content\/uploads\/2024\/08\/Pista-2-1536x1152.jpg 1536w, https:\/\/www.omzsrl.it\/wp-content\/uploads\/2024\/08\/Pista-2-2048x1536.jpg 2048w, https:\/\/www.omzsrl.it\/wp-content\/uploads\/2024\/08\/Pista-2-24x18.jpg 24w, https:\/\/www.omzsrl.it\/wp-content\/uploads\/2024\/08\/Pista-2-36x27.jpg 36w, https:\/\/www.omzsrl.it\/wp-content\/uploads\/2024\/08\/Pista-2-48x36.jpg 48w, https:\/\/www.omzsrl.it\/wp-content\/uploads\/2024\/08\/Pista-2-600x450.jpg 600w\" sizes=\"(max-width: 300px) 100vw, 300px\" \/><\/a>\n\t\t\t<\/dt><\/dl><dl class='gallery-item'>\n\t\t\t<dt class='gallery-icon landscape'>\n\t\t\t\t<a data-elementor-open-lightbox=\"yes\" data-elementor-lightbox-slideshow=\"066fbaf\" data-elementor-lightbox-title=\"Vista impianto\" data-e-action-hash=\"#elementor-action%3Aaction%3Dlightbox%26settings%3DeyJpZCI6ODUxNCwidXJsIjoiaHR0cHM6XC9cL3d3dy5vbXpzcmwuaXRcL3dwLWNvbnRlbnRcL3VwbG9hZHNcLzIwMjRcLzA4XC9WaXN0YS1pbXBpYW50by1zY2FsZWQuanBnIiwic2xpZGVzaG93IjoiMDY2ZmJhZiJ9\" href='https:\/\/www.omzsrl.it\/wp-content\/uploads\/2024\/08\/Vista-impianto-scaled.jpg'><img loading=\"lazy\" decoding=\"async\" width=\"300\" height=\"151\" src=\"https:\/\/www.omzsrl.it\/wp-content\/uploads\/2024\/08\/Vista-impianto-300x151.jpg\" class=\"attachment-medium size-medium\" alt=\"\" srcset=\"https:\/\/www.omzsrl.it\/wp-content\/uploads\/2024\/08\/Vista-impianto-300x151.jpg 300w, https:\/\/www.omzsrl.it\/wp-content\/uploads\/2024\/08\/Vista-impianto-1024x514.jpg 1024w, https:\/\/www.omzsrl.it\/wp-content\/uploads\/2024\/08\/Vista-impianto-768x386.jpg 768w, https:\/\/www.omzsrl.it\/wp-content\/uploads\/2024\/08\/Vista-impianto-1536x771.jpg 1536w, https:\/\/www.omzsrl.it\/wp-content\/uploads\/2024\/08\/Vista-impianto-2048x1028.jpg 2048w, https:\/\/www.omzsrl.it\/wp-content\/uploads\/2024\/08\/Vista-impianto-1300x650.jpg 1300w, https:\/\/www.omzsrl.it\/wp-content\/uploads\/2024\/08\/Vista-impianto-24x12.jpg 24w, https:\/\/www.omzsrl.it\/wp-content\/uploads\/2024\/08\/Vista-impianto-36x18.jpg 36w, https:\/\/www.omzsrl.it\/wp-content\/uploads\/2024\/08\/Vista-impianto-48x24.jpg 48w, https:\/\/www.omzsrl.it\/wp-content\/uploads\/2024\/08\/Vista-impianto-600x301.jpg 600w\" sizes=\"(max-width: 300px) 100vw, 300px\" \/><\/a>\n\t\t\t<\/dt><\/dl><br style=\"clear: both\" \/>\n\t\t<\/div>\n\t\t<\/div>\n\t\t\t\t\t\t<\/div>\n\t\t\t\t<\/div>\n\t\t\t\t\t<\/div>\n\t\t<\/div>\n\t\t\t\t\t<\/div>\n\t\t<\/section>\n\t\t\t\t<section class=\"elementor-section elementor-top-section elementor-element elementor-element-9369582 elementor-section-boxed elementor-section-height-default elementor-section-height-default qodef-elementor-content-no\" data-id=\"9369582\" data-element_type=\"section\" data-e-type=\"section\">\n\t\t\t\t\t\t<div class=\"elementor-container elementor-column-gap-default\">\n\t\t\t\t\t<div class=\"elementor-column elementor-col-25 elementor-top-column elementor-element elementor-element-bc23d35\" data-id=\"bc23d35\" data-element_type=\"column\" data-e-type=\"column\">\n\t\t\t<div class=\"elementor-widget-wrap elementor-element-populated\">\n\t\t\t\t\t\t<div class=\"elementor-element elementor-element-2c1dfa0 elementor-widget elementor-widget-text-editor\" data-id=\"2c1dfa0\" data-element_type=\"widget\" data-e-type=\"widget\" data-widget_type=\"text-editor.default\">\n\t\t\t\t<div class=\"elementor-widget-container\">\n\t\t\t\t\t\t\t\t\t<div class=\"infobox__row infobox__title store-location\"><strong>SIDECO<\/strong><\/div>\n<div class=\"store-storeReview\"> <\/div>\n<div class=\"infobox__row store-address\">Via Molise, 97 <br \/>Bojano (CB) <\/div>\n\t\t\t\t\t\t\t\t<\/div>\n\t\t\t\t<\/div>\n\t\t\t\t\t<\/div>\n\t\t<\/div>\n\t\t\t\t<div class=\"elementor-column elementor-col-25 elementor-top-column elementor-element elementor-element-c552fea\" data-id=\"c552fea\" data-element_type=\"column\" data-e-type=\"column\">\n\t\t\t<div class=\"elementor-widget-wrap elementor-element-populated\">\n\t\t\t\t\t\t<div class=\"elementor-element elementor-element-c4f1985 elementor-widget elementor-widget-text-editor\" data-id=\"c4f1985\" data-element_type=\"widget\" data-e-type=\"widget\" data-widget_type=\"text-editor.default\">\n\t\t\t\t<div class=\"elementor-widget-container\">\n\t\t\t\t\t\t\t\t\t<div id=\"info-website\" class=\"infobox__subtitle\"><strong>Website<\/strong><\/div>\n<div> <\/div><\/p>\n\t\t\t\t\t\t\t\t<\/div>\n\t\t\t\t<\/div>\n\t\t\t\t\t<\/div>\n\t\t<\/div>\n\t\t\t\t<div class=\"elementor-column elementor-col-25 elementor-top-column elementor-element elementor-element-6c0ee6d\" data-id=\"6c0ee6d\" data-element_type=\"column\" data-e-type=\"column\">\n\t\t\t<div class=\"elementor-widget-wrap elementor-element-populated\">\n\t\t\t\t\t\t<div class=\"elementor-element elementor-element-74dae7b elementor-widget elementor-widget-text-editor\" data-id=\"74dae7b\" data-element_type=\"widget\" data-e-type=\"widget\" data-widget_type=\"text-editor.default\">\n\t\t\t\t<div class=\"elementor-widget-container\">\n\t\t\t\t\t\t\t\t\t<div id=\"info-email\" class=\"infobox__subtitle\"><strong>Email<\/strong><\/div>\n<div> <\/div><\/p>\n\t\t\t\t\t\t\t\t<\/div>\n\t\t\t\t<\/div>\n\t\t\t\t\t<\/div>\n\t\t<\/div>\n\t\t\t\t<div class=\"elementor-column elementor-col-25 elementor-top-column elementor-element elementor-element-a610597\" data-id=\"a610597\" data-element_type=\"column\" data-e-type=\"column\">\n\t\t\t<div class=\"elementor-widget-wrap elementor-element-populated\">\n\t\t\t\t\t\t<div class=\"elementor-element elementor-element-3eb1e7d elementor-widget elementor-widget-text-editor\" data-id=\"3eb1e7d\" data-element_type=\"widget\" data-e-type=\"widget\" data-widget_type=\"text-editor.default\">\n\t\t\t\t<div class=\"elementor-widget-container\">\n\t\t\t\t\t\t\t\t\t<div id=\"info-tel\" class=\"infobox__subtitle\"><strong>Phone<\/strong><\/div>\n<div> <\/div>\n<div class=\"store-tel\"> <\/div>\n\t\t\t\t\t\t\t\t<\/div>\n\t\t\t\t<\/div>\n\t\t\t\t\t<\/div>\n\t\t<\/div>\n\t\t\t\t\t<\/div>\n\t\t<\/section>\n\t\t\t\t<\/div>\n\t\t","protected":false},"excerpt":{"rendered":"<p>Sideco Puoi descrivere brevemente la tua esperienza con OMZ srl?E&#8217; un&#8217;esperienza nata sin dalla fase di progettazione dell&#8217;impianto di autolavaggio. Naturalmente, \u00e8 poi proseguita con la sua realizzazione e, ancora oggi, con gli interventi di manutenzione programmata. In questa maniera l&#8217;impianto, oltre che risultare idoneo a tutti i sistemi di valutazione dei vari enti di [&hellip;]<\/p>\n","protected":false},"author":2,"featured_media":0,"parent":0,"menu_order":0,"comment_status":"closed","ping_status":"closed","template":"","meta":{"footnotes":""},"class_list":["post-8525","page","type-page","status-publish","hentry"],"_links":{"self":[{"href":"https:\/\/www.omzsrl.it\/en\/wp-json\/wp\/v2\/pages\/8525"}],"collection":[{"href":"https:\/\/www.omzsrl.it\/en\/wp-json\/wp\/v2\/pages"}],"about":[{"href":"https:\/\/www.omzsrl.it\/en\/wp-json\/wp\/v2\/types\/page"}],"author":[{"embeddable":true,"href":"https:\/\/www.omzsrl.it\/en\/wp-json\/wp\/v2\/users\/2"}],"replies":[{"embeddable":true,"href":"https:\/\/www.omzsrl.it\/en\/wp-json\/wp\/v2\/comments?post=8525"}],"version-history":[{"count":1,"href":"https:\/\/www.omzsrl.it\/en\/wp-json\/wp\/v2\/pages\/8525\/revisions"}],"predecessor-version":[{"id":8526,"href":"https:\/\/www.omzsrl.it\/en\/wp-json\/wp\/v2\/pages\/8525\/revisions\/8526"}],"wp:attachment":[{"href":"https:\/\/www.omzsrl.it\/en\/wp-json\/wp\/v2\/media?parent=8525"}],"curies":[{"name":"wp","href":"https:\/\/api.w.org\/{rel}","templated":true}]}}