{"id":8487,"date":"2024-07-31T11:25:56","date_gmt":"2024-07-31T09:25:56","guid":{"rendered":"https:\/\/www.omzsrl.it\/stile\/"},"modified":"2024-07-31T17:10:45","modified_gmt":"2024-07-31T15:10:45","slug":"stile","status":"publish","type":"page","link":"https:\/\/www.omzsrl.it\/en\/stile\/","title":{"rendered":"Stile"},"content":{"rendered":"\t\t<div data-elementor-type=\"wp-page\" data-elementor-id=\"8487\" class=\"elementor elementor-8487 elementor-8467\">\n\t\t\t\t\t\t<section class=\"elementor-section elementor-top-section elementor-element elementor-element-22bac5b elementor-section-boxed elementor-section-height-default elementor-section-height-default qodef-elementor-content-no\" data-id=\"22bac5b\" data-element_type=\"section\" data-e-type=\"section\">\n\t\t\t\t\t\t<div class=\"elementor-container elementor-column-gap-default\">\n\t\t\t\t\t<div class=\"elementor-column elementor-col-100 elementor-top-column elementor-element elementor-element-ca06a6c\" data-id=\"ca06a6c\" data-element_type=\"column\" data-e-type=\"column\">\n\t\t\t<div class=\"elementor-widget-wrap elementor-element-populated\">\n\t\t\t\t\t\t<div class=\"elementor-element elementor-element-74255f3 elementor-widget elementor-widget-heading\" data-id=\"74255f3\" data-element_type=\"widget\" data-e-type=\"widget\" data-widget_type=\"heading.default\">\n\t\t\t\t<div class=\"elementor-widget-container\">\n\t\t\t\t\t<h2 class=\"elementor-heading-title elementor-size-default\">Stile<\/h2>\t\t\t\t<\/div>\n\t\t\t\t<\/div>\n\t\t\t\t<div class=\"elementor-element elementor-element-c7a6e0f elementor-widget elementor-widget-text-editor\" data-id=\"c7a6e0f\" data-element_type=\"widget\" data-e-type=\"widget\" data-widget_type=\"text-editor.default\">\n\t\t\t\t<div class=\"elementor-widget-container\">\n\t\t\t\t\t\t\t\t\t<p><strong>Puoi descrivere brevemente la tua esperienza con OMZ srl?<br \/><\/strong><em>Omz \u00e8 nostro fornitore storico, nei primi anni 90, con la collaborazione del signor Giuseppe Andrian, abbiamo installato il nostro primo impianto per la pulizia interna delle cisterne; con il passare del tempo abbiamo reso le nostre apparecchiature sempre pi\u00f9 performanti affidandoci a soluzioni personalizzate studiate in cooperazione con il team Omz.<\/em><\/p><p><strong>Quali benefici o miglioramenti hai notato da quando utilizzi il nostro prodotto?<br \/><\/strong><em>La collaborazione con azienda si \u00e8 intensificata nel 2022 quando sono state istallate attrezzature adatte ad attivare 6 piste di riscaldo.<br \/>Da sottolineare la possibilit\u00e0, che Omz ci ha dato, di gestire attraverso software specializzati gli impianti migliorando la conduzione del lavoro giornaliero e fornendoci un monitoraggio costante dei lavaggi e dei riscaldi.<br \/><\/em><\/p><p><strong>Cosa ti \u00e8 piaciuto di pi\u00f9 del nostro prodotto e perch\u00e9?<br \/><\/strong><em>Abbiamo verificato che grazie l\u2019esperienza acquisita da Omz le pi\u00f9 differenti problematiche lavorative vengono soddisfatte.<\/em><\/p><p><strong>Raccomanderesti OMZ e i suoi prodotti ad altri? Se s\u00ec, perch\u00e9? <br \/><\/strong><em>I tecnici ci supportano nella progettazione, nella realizzazione e nell\u2019assistenza; efficiente l\u2019 ufficio commerciale che insieme alla gestione della certificazione risultano sempre disponibili.<\/em><\/p><p><strong>Team Stile<\/strong><\/p>\t\t\t\t\t\t\t\t<\/div>\n\t\t\t\t<\/div>\n\t\t\t\t\t<\/div>\n\t\t<\/div>\n\t\t\t\t\t<\/div>\n\t\t<\/section>\n\t\t\t\t<section class=\"elementor-section elementor-top-section elementor-element elementor-element-09b5827 elementor-section-boxed elementor-section-height-default elementor-section-height-default qodef-elementor-content-no\" data-id=\"09b5827\" data-element_type=\"section\" data-e-type=\"section\">\n\t\t\t\t\t\t<div class=\"elementor-container elementor-column-gap-default\">\n\t\t\t\t\t<div class=\"elementor-column elementor-col-100 elementor-top-column elementor-element elementor-element-6b4e232\" data-id=\"6b4e232\" data-element_type=\"column\" data-e-type=\"column\">\n\t\t\t<div class=\"elementor-widget-wrap elementor-element-populated\">\n\t\t\t\t\t\t<div class=\"elementor-element elementor-element-e414ff0 elementor-widget elementor-widget-image-gallery\" data-id=\"e414ff0\" data-element_type=\"widget\" data-e-type=\"widget\" data-widget_type=\"image-gallery.default\">\n\t\t\t\t<div class=\"elementor-widget-container\">\n\t\t\t\t\t\t\t<div class=\"elementor-image-gallery\">\n\t\t\t\n\t\t<style type=\"text\/css\">\n\t\t\t#gallery-1 {\n\t\t\t\tmargin: auto;\n\t\t\t}\n\t\t\t#gallery-1 .gallery-item {\n\t\t\t\tfloat: left;\n\t\t\t\tmargin-top: 10px;\n\t\t\t\ttext-align: center;\n\t\t\t\twidth: 33%;\n\t\t\t}\n\t\t\t#gallery-1 img {\n\t\t\t\tborder: 2px solid #cfcfcf;\n\t\t\t}\n\t\t\t#gallery-1 .gallery-caption {\n\t\t\t\tmargin-left: 0;\n\t\t\t}\n\t\t\t\/* see gallery_shortcode() in wp-includes\/media.php *\/\n\t\t<\/style>\n\t\t<div id='gallery-1' class='gallery galleryid-8487 gallery-columns-3 gallery-size-medium'><dl class='gallery-item'>\n\t\t\t<dt class='gallery-icon landscape'>\n\t\t\t\t<a data-elementor-open-lightbox=\"yes\" data-elementor-lightbox-slideshow=\"e414ff0\" data-elementor-lightbox-title=\"image1\" data-e-action-hash=\"#elementor-action%3Aaction%3Dlightbox%26settings%3DeyJpZCI6ODQ4MSwidXJsIjoiaHR0cHM6XC9cL3d3dy5vbXpzcmwuaXRcL3dwLWNvbnRlbnRcL3VwbG9hZHNcLzIwMjRcLzA3XC9pbWFnZTEuanBlZyIsInNsaWRlc2hvdyI6ImU0MTRmZjAifQ%3D%3D\" href='https:\/\/www.omzsrl.it\/wp-content\/uploads\/2024\/07\/image1.jpeg'><img loading=\"lazy\" decoding=\"async\" width=\"300\" height=\"225\" src=\"https:\/\/www.omzsrl.it\/wp-content\/uploads\/2024\/07\/image1-300x225.jpeg\" class=\"attachment-medium size-medium\" alt=\"\" srcset=\"https:\/\/www.omzsrl.it\/wp-content\/uploads\/2024\/07\/image1-300x225.jpeg 300w, https:\/\/www.omzsrl.it\/wp-content\/uploads\/2024\/07\/image1-1024x768.jpeg 1024w, https:\/\/www.omzsrl.it\/wp-content\/uploads\/2024\/07\/image1-768x576.jpeg 768w, https:\/\/www.omzsrl.it\/wp-content\/uploads\/2024\/07\/image1-1536x1152.jpeg 1536w, https:\/\/www.omzsrl.it\/wp-content\/uploads\/2024\/07\/image1-24x18.jpeg 24w, https:\/\/www.omzsrl.it\/wp-content\/uploads\/2024\/07\/image1-36x27.jpeg 36w, https:\/\/www.omzsrl.it\/wp-content\/uploads\/2024\/07\/image1-48x36.jpeg 48w, https:\/\/www.omzsrl.it\/wp-content\/uploads\/2024\/07\/image1-600x450.jpeg 600w, https:\/\/www.omzsrl.it\/wp-content\/uploads\/2024\/07\/image1.jpeg 2016w\" sizes=\"(max-width: 300px) 100vw, 300px\" \/><\/a>\n\t\t\t<\/dt><\/dl><dl class='gallery-item'>\n\t\t\t<dt class='gallery-icon landscape'>\n\t\t\t\t<a data-elementor-open-lightbox=\"yes\" data-elementor-lightbox-slideshow=\"e414ff0\" data-elementor-lightbox-title=\"image0\" data-e-action-hash=\"#elementor-action%3Aaction%3Dlightbox%26settings%3DeyJpZCI6ODQ3OSwidXJsIjoiaHR0cHM6XC9cL3d3dy5vbXpzcmwuaXRcL3dwLWNvbnRlbnRcL3VwbG9hZHNcLzIwMjRcLzA3XC9pbWFnZTAuanBlZyIsInNsaWRlc2hvdyI6ImU0MTRmZjAifQ%3D%3D\" href='https:\/\/www.omzsrl.it\/wp-content\/uploads\/2024\/07\/image0.jpeg'><img loading=\"lazy\" decoding=\"async\" width=\"300\" height=\"225\" src=\"https:\/\/www.omzsrl.it\/wp-content\/uploads\/2024\/07\/image0-300x225.jpeg\" class=\"attachment-medium size-medium\" alt=\"\" srcset=\"https:\/\/www.omzsrl.it\/wp-content\/uploads\/2024\/07\/image0-300x225.jpeg 300w, https:\/\/www.omzsrl.it\/wp-content\/uploads\/2024\/07\/image0-1024x768.jpeg 1024w, https:\/\/www.omzsrl.it\/wp-content\/uploads\/2024\/07\/image0-768x576.jpeg 768w, https:\/\/www.omzsrl.it\/wp-content\/uploads\/2024\/07\/image0-1536x1152.jpeg 1536w, https:\/\/www.omzsrl.it\/wp-content\/uploads\/2024\/07\/image0-24x18.jpeg 24w, https:\/\/www.omzsrl.it\/wp-content\/uploads\/2024\/07\/image0-36x27.jpeg 36w, https:\/\/www.omzsrl.it\/wp-content\/uploads\/2024\/07\/image0-48x36.jpeg 48w, https:\/\/www.omzsrl.it\/wp-content\/uploads\/2024\/07\/image0-600x450.jpeg 600w, https:\/\/www.omzsrl.it\/wp-content\/uploads\/2024\/07\/image0.jpeg 2016w\" sizes=\"(max-width: 300px) 100vw, 300px\" \/><\/a>\n\t\t\t<\/dt><\/dl><dl class='gallery-item'>\n\t\t\t<dt class='gallery-icon landscape'>\n\t\t\t\t<a data-elementor-open-lightbox=\"yes\" data-elementor-lightbox-slideshow=\"e414ff0\" data-elementor-lightbox-title=\"image6\" data-e-action-hash=\"#elementor-action%3Aaction%3Dlightbox%26settings%3DeyJpZCI6ODQ3NywidXJsIjoiaHR0cHM6XC9cL3d3dy5vbXpzcmwuaXRcL3dwLWNvbnRlbnRcL3VwbG9hZHNcLzIwMjRcLzA3XC9pbWFnZTYuanBlZyIsInNsaWRlc2hvdyI6ImU0MTRmZjAifQ%3D%3D\" href='https:\/\/www.omzsrl.it\/wp-content\/uploads\/2024\/07\/image6.jpeg'><img loading=\"lazy\" decoding=\"async\" width=\"300\" height=\"225\" src=\"https:\/\/www.omzsrl.it\/wp-content\/uploads\/2024\/07\/image6-300x225.jpeg\" class=\"attachment-medium size-medium\" alt=\"\" srcset=\"https:\/\/www.omzsrl.it\/wp-content\/uploads\/2024\/07\/image6-300x225.jpeg 300w, https:\/\/www.omzsrl.it\/wp-content\/uploads\/2024\/07\/image6-1024x768.jpeg 1024w, https:\/\/www.omzsrl.it\/wp-content\/uploads\/2024\/07\/image6-768x576.jpeg 768w, https:\/\/www.omzsrl.it\/wp-content\/uploads\/2024\/07\/image6-1536x1152.jpeg 1536w, https:\/\/www.omzsrl.it\/wp-content\/uploads\/2024\/07\/image6-24x18.jpeg 24w, https:\/\/www.omzsrl.it\/wp-content\/uploads\/2024\/07\/image6-36x27.jpeg 36w, https:\/\/www.omzsrl.it\/wp-content\/uploads\/2024\/07\/image6-48x36.jpeg 48w, https:\/\/www.omzsrl.it\/wp-content\/uploads\/2024\/07\/image6-600x450.jpeg 600w, https:\/\/www.omzsrl.it\/wp-content\/uploads\/2024\/07\/image6.jpeg 2016w\" sizes=\"(max-width: 300px) 100vw, 300px\" \/><\/a>\n\t\t\t<\/dt><\/dl><br style=\"clear: both\" \/><dl class='gallery-item'>\n\t\t\t<dt class='gallery-icon landscape'>\n\t\t\t\t<a data-elementor-open-lightbox=\"yes\" data-elementor-lightbox-slideshow=\"e414ff0\" data-elementor-lightbox-title=\"image3\" data-e-action-hash=\"#elementor-action%3Aaction%3Dlightbox%26settings%3DeyJpZCI6ODQ3MSwidXJsIjoiaHR0cHM6XC9cL3d3dy5vbXpzcmwuaXRcL3dwLWNvbnRlbnRcL3VwbG9hZHNcLzIwMjRcLzA3XC9pbWFnZTMuanBlZyIsInNsaWRlc2hvdyI6ImU0MTRmZjAifQ%3D%3D\" href='https:\/\/www.omzsrl.it\/wp-content\/uploads\/2024\/07\/image3.jpeg'><img loading=\"lazy\" decoding=\"async\" width=\"300\" height=\"225\" src=\"https:\/\/www.omzsrl.it\/wp-content\/uploads\/2024\/07\/image3-300x225.jpeg\" class=\"attachment-medium size-medium\" alt=\"\" srcset=\"https:\/\/www.omzsrl.it\/wp-content\/uploads\/2024\/07\/image3-300x225.jpeg 300w, https:\/\/www.omzsrl.it\/wp-content\/uploads\/2024\/07\/image3-1024x768.jpeg 1024w, https:\/\/www.omzsrl.it\/wp-content\/uploads\/2024\/07\/image3-768x576.jpeg 768w, https:\/\/www.omzsrl.it\/wp-content\/uploads\/2024\/07\/image3-1536x1152.jpeg 1536w, https:\/\/www.omzsrl.it\/wp-content\/uploads\/2024\/07\/image3-24x18.jpeg 24w, https:\/\/www.omzsrl.it\/wp-content\/uploads\/2024\/07\/image3-36x27.jpeg 36w, https:\/\/www.omzsrl.it\/wp-content\/uploads\/2024\/07\/image3-48x36.jpeg 48w, https:\/\/www.omzsrl.it\/wp-content\/uploads\/2024\/07\/image3-600x450.jpeg 600w, https:\/\/www.omzsrl.it\/wp-content\/uploads\/2024\/07\/image3.jpeg 2016w\" sizes=\"(max-width: 300px) 100vw, 300px\" \/><\/a>\n\t\t\t<\/dt><\/dl><dl class='gallery-item'>\n\t\t\t<dt class='gallery-icon landscape'>\n\t\t\t\t<a data-elementor-open-lightbox=\"yes\" data-elementor-lightbox-slideshow=\"e414ff0\" data-elementor-lightbox-title=\"image4\" data-e-action-hash=\"#elementor-action%3Aaction%3Dlightbox%26settings%3DeyJpZCI6ODQ3MywidXJsIjoiaHR0cHM6XC9cL3d3dy5vbXpzcmwuaXRcL3dwLWNvbnRlbnRcL3VwbG9hZHNcLzIwMjRcLzA3XC9pbWFnZTQuanBlZyIsInNsaWRlc2hvdyI6ImU0MTRmZjAifQ%3D%3D\" href='https:\/\/www.omzsrl.it\/wp-content\/uploads\/2024\/07\/image4.jpeg'><img loading=\"lazy\" decoding=\"async\" width=\"300\" height=\"225\" src=\"https:\/\/www.omzsrl.it\/wp-content\/uploads\/2024\/07\/image4-300x225.jpeg\" class=\"attachment-medium size-medium\" alt=\"\" srcset=\"https:\/\/www.omzsrl.it\/wp-content\/uploads\/2024\/07\/image4-300x225.jpeg 300w, https:\/\/www.omzsrl.it\/wp-content\/uploads\/2024\/07\/image4-1024x768.jpeg 1024w, https:\/\/www.omzsrl.it\/wp-content\/uploads\/2024\/07\/image4-768x576.jpeg 768w, https:\/\/www.omzsrl.it\/wp-content\/uploads\/2024\/07\/image4-1536x1152.jpeg 1536w, https:\/\/www.omzsrl.it\/wp-content\/uploads\/2024\/07\/image4-24x18.jpeg 24w, https:\/\/www.omzsrl.it\/wp-content\/uploads\/2024\/07\/image4-36x27.jpeg 36w, https:\/\/www.omzsrl.it\/wp-content\/uploads\/2024\/07\/image4-48x36.jpeg 48w, https:\/\/www.omzsrl.it\/wp-content\/uploads\/2024\/07\/image4-600x450.jpeg 600w, https:\/\/www.omzsrl.it\/wp-content\/uploads\/2024\/07\/image4.jpeg 2016w\" sizes=\"(max-width: 300px) 100vw, 300px\" \/><\/a>\n\t\t\t<\/dt><\/dl><dl class='gallery-item'>\n\t\t\t<dt class='gallery-icon portrait'>\n\t\t\t\t<a data-elementor-open-lightbox=\"yes\" data-elementor-lightbox-slideshow=\"e414ff0\" data-elementor-lightbox-title=\"image5\" data-e-action-hash=\"#elementor-action%3Aaction%3Dlightbox%26settings%3DeyJpZCI6ODQ3NSwidXJsIjoiaHR0cHM6XC9cL3d3dy5vbXpzcmwuaXRcL3dwLWNvbnRlbnRcL3VwbG9hZHNcLzIwMjRcLzA3XC9pbWFnZTUtcm90YXRlZC5qcGVnIiwic2xpZGVzaG93IjoiZTQxNGZmMCJ9\" href='https:\/\/www.omzsrl.it\/wp-content\/uploads\/2024\/07\/image5-rotated.jpeg'><img loading=\"lazy\" decoding=\"async\" width=\"225\" height=\"300\" src=\"https:\/\/www.omzsrl.it\/wp-content\/uploads\/2024\/07\/image5-225x300.jpeg\" class=\"attachment-medium size-medium\" alt=\"\" srcset=\"https:\/\/www.omzsrl.it\/wp-content\/uploads\/2024\/07\/image5-225x300.jpeg 225w, https:\/\/www.omzsrl.it\/wp-content\/uploads\/2024\/07\/image5-768x1024.jpeg 768w, https:\/\/www.omzsrl.it\/wp-content\/uploads\/2024\/07\/image5-1152x1536.jpeg 1152w, https:\/\/www.omzsrl.it\/wp-content\/uploads\/2024\/07\/image5-18x24.jpeg 18w, https:\/\/www.omzsrl.it\/wp-content\/uploads\/2024\/07\/image5-27x36.jpeg 27w, https:\/\/www.omzsrl.it\/wp-content\/uploads\/2024\/07\/image5-36x48.jpeg 36w, https:\/\/www.omzsrl.it\/wp-content\/uploads\/2024\/07\/image5-600x800.jpeg 600w, https:\/\/www.omzsrl.it\/wp-content\/uploads\/2024\/07\/image5-rotated.jpeg 1512w\" sizes=\"(max-width: 225px) 100vw, 225px\" \/><\/a>\n\t\t\t<\/dt><\/dl><br style=\"clear: both\" \/>\n\t\t<\/div>\n\t\t<\/div>\n\t\t\t\t\t\t<\/div>\n\t\t\t\t<\/div>\n\t\t\t\t\t<\/div>\n\t\t<\/div>\n\t\t\t\t\t<\/div>\n\t\t<\/section>\n\t\t\t\t<section class=\"elementor-section elementor-top-section elementor-element elementor-element-4bfdfd3 elementor-section-boxed elementor-section-height-default elementor-section-height-default qodef-elementor-content-no\" data-id=\"4bfdfd3\" data-element_type=\"section\" data-e-type=\"section\">\n\t\t\t\t\t\t<div class=\"elementor-container elementor-column-gap-default\">\n\t\t\t\t\t<div class=\"elementor-column elementor-col-25 elementor-top-column elementor-element elementor-element-e5b8a13\" data-id=\"e5b8a13\" data-element_type=\"column\" data-e-type=\"column\">\n\t\t\t<div class=\"elementor-widget-wrap elementor-element-populated\">\n\t\t\t\t\t\t<div class=\"elementor-element elementor-element-cd0d50c elementor-widget elementor-widget-text-editor\" data-id=\"cd0d50c\" data-element_type=\"widget\" data-e-type=\"widget\" data-widget_type=\"text-editor.default\">\n\t\t\t\t<div class=\"elementor-widget-container\">\n\t\t\t\t\t\t\t\t\t<div class=\"infobox__row infobox__title store-location\"><strong>STILE<\/strong><\/div><div>\u00a0<\/div><div class=\"infobox__row infobox__title store-location\">Via Fratelli Daniele e Pietro Baiard, 2 Tortona (AL), Italy 15057<\/div>\t\t\t\t\t\t\t\t<\/div>\n\t\t\t\t<\/div>\n\t\t\t\t\t<\/div>\n\t\t<\/div>\n\t\t\t\t<div class=\"elementor-column elementor-col-25 elementor-top-column elementor-element elementor-element-3f9c722\" data-id=\"3f9c722\" data-element_type=\"column\" data-e-type=\"column\">\n\t\t\t<div class=\"elementor-widget-wrap elementor-element-populated\">\n\t\t\t\t\t\t<div class=\"elementor-element elementor-element-c058726 elementor-widget elementor-widget-text-editor\" data-id=\"c058726\" data-element_type=\"widget\" data-e-type=\"widget\" data-widget_type=\"text-editor.default\">\n\t\t\t\t<div class=\"elementor-widget-container\">\n\t\t\t\t\t\t\t\t\t<div id=\"info-website\" class=\"infobox__subtitle\"><strong>Website<\/strong><\/div><div>\u00a0<\/div><div class=\"infobox__subtitle\"><a href=\"http:\/\/www.lavaggiostile.it\">http:\/\/www.lavaggiostile.it<\/a><\/div>\t\t\t\t\t\t\t\t<\/div>\n\t\t\t\t<\/div>\n\t\t\t\t\t<\/div>\n\t\t<\/div>\n\t\t\t\t<div class=\"elementor-column elementor-col-25 elementor-top-column elementor-element elementor-element-14a269d\" data-id=\"14a269d\" data-element_type=\"column\" data-e-type=\"column\">\n\t\t\t<div class=\"elementor-widget-wrap elementor-element-populated\">\n\t\t\t\t\t\t<div class=\"elementor-element elementor-element-076e71a elementor-widget elementor-widget-text-editor\" data-id=\"076e71a\" data-element_type=\"widget\" data-e-type=\"widget\" data-widget_type=\"text-editor.default\">\n\t\t\t\t<div class=\"elementor-widget-container\">\n\t\t\t\t\t\t\t\t\t<div id=\"info-email\" class=\"infobox__subtitle\"><strong>Email<\/strong><\/div><div>\u00a0<\/div><div class=\"infobox__subtitle\"><a href=\"mailto:stile@lavaggiostile.it\">stile@lavaggiostile.it<\/a><\/div>\t\t\t\t\t\t\t\t<\/div>\n\t\t\t\t<\/div>\n\t\t\t\t\t<\/div>\n\t\t<\/div>\n\t\t\t\t<div class=\"elementor-column elementor-col-25 elementor-top-column elementor-element elementor-element-15eb2c0\" data-id=\"15eb2c0\" data-element_type=\"column\" data-e-type=\"column\">\n\t\t\t<div class=\"elementor-widget-wrap elementor-element-populated\">\n\t\t\t\t\t\t<div class=\"elementor-element elementor-element-c9cdb7b elementor-widget elementor-widget-text-editor\" data-id=\"c9cdb7b\" data-element_type=\"widget\" data-e-type=\"widget\" data-widget_type=\"text-editor.default\">\n\t\t\t\t<div class=\"elementor-widget-container\">\n\t\t\t\t\t\t\t\t\t<div id=\"info-tel\" class=\"infobox__subtitle\"><strong>Phone<\/strong><\/div><div>\u00a0<\/div><div class=\"infobox__subtitle\">0131 &#8211; 86 22 55<\/div>\t\t\t\t\t\t\t\t<\/div>\n\t\t\t\t<\/div>\n\t\t\t\t\t<\/div>\n\t\t<\/div>\n\t\t\t\t\t<\/div>\n\t\t<\/section>\n\t\t\t\t<\/div>\n\t\t","protected":false},"excerpt":{"rendered":"<p>Stile Puoi descrivere brevemente la tua esperienza con OMZ srl?Omz \u00e8 nostro fornitore storico, nei primi anni 90, con la collaborazione del signor Giuseppe Andrian, abbiamo installato il nostro primo impianto per la pulizia interna delle cisterne; con il passare del tempo abbiamo reso le nostre apparecchiature sempre pi\u00f9 performanti affidandoci a soluzioni personalizzate studiate [&hellip;]<\/p>\n","protected":false},"author":2,"featured_media":0,"parent":0,"menu_order":0,"comment_status":"closed","ping_status":"closed","template":"","meta":{"footnotes":""},"class_list":["post-8487","page","type-page","status-publish","hentry"],"_links":{"self":[{"href":"https:\/\/www.omzsrl.it\/en\/wp-json\/wp\/v2\/pages\/8487"}],"collection":[{"href":"https:\/\/www.omzsrl.it\/en\/wp-json\/wp\/v2\/pages"}],"about":[{"href":"https:\/\/www.omzsrl.it\/en\/wp-json\/wp\/v2\/types\/page"}],"author":[{"embeddable":true,"href":"https:\/\/www.omzsrl.it\/en\/wp-json\/wp\/v2\/users\/2"}],"replies":[{"embeddable":true,"href":"https:\/\/www.omzsrl.it\/en\/wp-json\/wp\/v2\/comments?post=8487"}],"version-history":[{"count":7,"href":"https:\/\/www.omzsrl.it\/en\/wp-json\/wp\/v2\/pages\/8487\/revisions"}],"predecessor-version":[{"id":8505,"href":"https:\/\/www.omzsrl.it\/en\/wp-json\/wp\/v2\/pages\/8487\/revisions\/8505"}],"wp:attachment":[{"href":"https:\/\/www.omzsrl.it\/en\/wp-json\/wp\/v2\/media?parent=8487"}],"curies":[{"name":"wp","href":"https:\/\/api.w.org\/{rel}","templated":true}]}}