{"id":8316,"date":"2024-07-24T14:38:36","date_gmt":"2024-07-24T12:38:36","guid":{"rendered":"https:\/\/www.omzsrl.it\/lavaggio-cisterne-malpensa-lcm\/"},"modified":"2024-07-24T14:47:20","modified_gmt":"2024-07-24T12:47:20","slug":"lavaggio-cisterne-malpensa-lcm","status":"publish","type":"page","link":"https:\/\/www.omzsrl.it\/en\/lavaggio-cisterne-malpensa-lcm\/","title":{"rendered":"Lavaggio Cisterne Malpensa (LCM)"},"content":{"rendered":"\t\t<div data-elementor-type=\"wp-page\" data-elementor-id=\"8316\" class=\"elementor elementor-8316 elementor-8293\">\n\t\t\t\t\t\t<section class=\"elementor-section elementor-top-section elementor-element elementor-element-9cf7b0c elementor-section-boxed elementor-section-height-default elementor-section-height-default qodef-elementor-content-no\" data-id=\"9cf7b0c\" data-element_type=\"section\" data-e-type=\"section\">\n\t\t\t\t\t\t<div class=\"elementor-container elementor-column-gap-default\">\n\t\t\t\t\t<div class=\"elementor-column elementor-col-100 elementor-top-column elementor-element elementor-element-971bf3b\" data-id=\"971bf3b\" data-element_type=\"column\" data-e-type=\"column\">\n\t\t\t<div class=\"elementor-widget-wrap elementor-element-populated\">\n\t\t\t\t\t\t<div class=\"elementor-element elementor-element-809ad91 elementor-widget elementor-widget-heading\" data-id=\"809ad91\" data-element_type=\"widget\" data-e-type=\"widget\" data-widget_type=\"heading.default\">\n\t\t\t\t<div class=\"elementor-widget-container\">\n\t\t\t\t\t<h2 class=\"elementor-heading-title elementor-size-default\">Lavaggio Cisterne Malpensa<\/h2>\t\t\t\t<\/div>\n\t\t\t\t<\/div>\n\t\t\t\t<div class=\"elementor-element elementor-element-72f1c2c elementor-widget elementor-widget-text-editor\" data-id=\"72f1c2c\" data-element_type=\"widget\" data-e-type=\"widget\" data-widget_type=\"text-editor.default\">\n\t\t\t\t<div class=\"elementor-widget-container\">\n\t\t\t\t\t\t\t\t\t<p><strong>Puoi descrivere brevemente la tua esperienza con OMZ srl<\/strong><\/p>\n<p><em>LCM collabora con OMZ fin dall\u2019inizio dell\u2019attivit\u00e0, 15 anni circa di collaborazione continuativa.<\/em><\/p>\n<p><strong>Quali benefici o miglioramenti hai notato da quando utilizzi il nostro prodotto?<br \/><\/strong><em>Grazie alla collaborazione con OMZ abbiamo potuto avere un impianto tecnologicamente avanzato e sempre aggiornato e funzionante<\/em><\/p>\n<p><strong>Cosa ti \u00e8 piaciuto di pi\u00f9 del nostro prodotto e perch\u00e9?<br \/><\/strong><em>La possibilit\u00e0 eseguire sviluppi dedicati e personalizzati in funzione delle nostre esigenze, oltre che la tempestivit\u00e0 nell\u2019eseguire le richieste<\/em><\/p>\n<p><strong>Raccomanderesti il nostro OMZ e i suoi prodotti ad altri? Se s\u00ec, perch\u00e9? <br \/><\/strong><em>Si raccomando OMZ ed i suoi prodotti perch\u00e9\u2019 riescono a soddisfare tutte le esigenze<\/em><\/p>\n<\/p>\n<p style=\"font-weight: 400;\"><em><strong>Mattia Roberto<\/strong><\/em><\/p>\n\t\t\t\t\t\t\t\t<\/div>\n\t\t\t\t<\/div>\n\t\t\t\t\t<\/div>\n\t\t<\/div>\n\t\t\t\t\t<\/div>\n\t\t<\/section>\n\t\t\t\t<section class=\"elementor-section elementor-top-section elementor-element elementor-element-a038a39 elementor-section-boxed elementor-section-height-default elementor-section-height-default qodef-elementor-content-no\" data-id=\"a038a39\" data-element_type=\"section\" data-e-type=\"section\">\n\t\t\t\t\t\t<div class=\"elementor-container elementor-column-gap-default\">\n\t\t\t\t\t<div class=\"elementor-column elementor-col-100 elementor-top-column elementor-element elementor-element-5e9745c\" data-id=\"5e9745c\" data-element_type=\"column\" data-e-type=\"column\">\n\t\t\t<div class=\"elementor-widget-wrap elementor-element-populated\">\n\t\t\t\t\t\t<div class=\"elementor-element elementor-element-18d0d9c elementor-widget elementor-widget-image-gallery\" data-id=\"18d0d9c\" data-element_type=\"widget\" data-e-type=\"widget\" data-widget_type=\"image-gallery.default\">\n\t\t\t\t<div class=\"elementor-widget-container\">\n\t\t\t\t\t\t\t<div class=\"elementor-image-gallery\">\n\t\t\t\n\t\t<style type=\"text\/css\">\n\t\t\t#gallery-1 {\n\t\t\t\tmargin: auto;\n\t\t\t}\n\t\t\t#gallery-1 .gallery-item {\n\t\t\t\tfloat: left;\n\t\t\t\tmargin-top: 10px;\n\t\t\t\ttext-align: center;\n\t\t\t\twidth: 33%;\n\t\t\t}\n\t\t\t#gallery-1 img {\n\t\t\t\tborder: 2px solid #cfcfcf;\n\t\t\t}\n\t\t\t#gallery-1 .gallery-caption {\n\t\t\t\tmargin-left: 0;\n\t\t\t}\n\t\t\t\/* see gallery_shortcode() in wp-includes\/media.php *\/\n\t\t<\/style>\n\t\t<div id='gallery-1' class='gallery galleryid-8316 gallery-columns-3 gallery-size-medium'><dl class='gallery-item'>\n\t\t\t<dt class='gallery-icon landscape'>\n\t\t\t\t<a data-elementor-open-lightbox=\"yes\" data-elementor-lightbox-slideshow=\"18d0d9c\" data-elementor-lightbox-title=\"DSC_0199\" data-e-action-hash=\"#elementor-action%3Aaction%3Dlightbox%26settings%3DeyJpZCI6ODMwMywidXJsIjoiaHR0cHM6XC9cL3d3dy5vbXpzcmwuaXRcL3dwLWNvbnRlbnRcL3VwbG9hZHNcLzIwMjRcLzA3XC9EU0NfMDE5OS1zY2FsZWQuanBnIiwic2xpZGVzaG93IjoiMThkMGQ5YyJ9\" href='https:\/\/www.omzsrl.it\/wp-content\/uploads\/2024\/07\/DSC_0199-scaled.jpg'><img loading=\"lazy\" decoding=\"async\" width=\"300\" height=\"200\" src=\"https:\/\/www.omzsrl.it\/wp-content\/uploads\/2024\/07\/DSC_0199-300x200.jpg\" class=\"attachment-medium size-medium\" alt=\"\" srcset=\"https:\/\/www.omzsrl.it\/wp-content\/uploads\/2024\/07\/DSC_0199-300x200.jpg 300w, https:\/\/www.omzsrl.it\/wp-content\/uploads\/2024\/07\/DSC_0199-1024x683.jpg 1024w, https:\/\/www.omzsrl.it\/wp-content\/uploads\/2024\/07\/DSC_0199-768x512.jpg 768w, https:\/\/www.omzsrl.it\/wp-content\/uploads\/2024\/07\/DSC_0199-1536x1024.jpg 1536w, https:\/\/www.omzsrl.it\/wp-content\/uploads\/2024\/07\/DSC_0199-2048x1365.jpg 2048w, https:\/\/www.omzsrl.it\/wp-content\/uploads\/2024\/07\/DSC_0199-24x16.jpg 24w, https:\/\/www.omzsrl.it\/wp-content\/uploads\/2024\/07\/DSC_0199-36x24.jpg 36w, https:\/\/www.omzsrl.it\/wp-content\/uploads\/2024\/07\/DSC_0199-48x32.jpg 48w, https:\/\/www.omzsrl.it\/wp-content\/uploads\/2024\/07\/DSC_0199-600x400.jpg 600w\" sizes=\"(max-width: 300px) 100vw, 300px\" \/><\/a>\n\t\t\t<\/dt><\/dl><dl class='gallery-item'>\n\t\t\t<dt class='gallery-icon landscape'>\n\t\t\t\t<a data-elementor-open-lightbox=\"yes\" data-elementor-lightbox-slideshow=\"18d0d9c\" data-elementor-lightbox-title=\"DSC_0197\" data-e-action-hash=\"#elementor-action%3Aaction%3Dlightbox%26settings%3DeyJpZCI6ODMwNSwidXJsIjoiaHR0cHM6XC9cL3d3dy5vbXpzcmwuaXRcL3dwLWNvbnRlbnRcL3VwbG9hZHNcLzIwMjRcLzA3XC9EU0NfMDE5Ny1zY2FsZWQuanBnIiwic2xpZGVzaG93IjoiMThkMGQ5YyJ9\" href='https:\/\/www.omzsrl.it\/wp-content\/uploads\/2024\/07\/DSC_0197-scaled.jpg'><img loading=\"lazy\" decoding=\"async\" width=\"300\" height=\"200\" src=\"https:\/\/www.omzsrl.it\/wp-content\/uploads\/2024\/07\/DSC_0197-300x200.jpg\" class=\"attachment-medium size-medium\" alt=\"\" srcset=\"https:\/\/www.omzsrl.it\/wp-content\/uploads\/2024\/07\/DSC_0197-300x200.jpg 300w, https:\/\/www.omzsrl.it\/wp-content\/uploads\/2024\/07\/DSC_0197-1024x683.jpg 1024w, https:\/\/www.omzsrl.it\/wp-content\/uploads\/2024\/07\/DSC_0197-768x512.jpg 768w, https:\/\/www.omzsrl.it\/wp-content\/uploads\/2024\/07\/DSC_0197-1536x1024.jpg 1536w, https:\/\/www.omzsrl.it\/wp-content\/uploads\/2024\/07\/DSC_0197-2048x1365.jpg 2048w, https:\/\/www.omzsrl.it\/wp-content\/uploads\/2024\/07\/DSC_0197-24x16.jpg 24w, https:\/\/www.omzsrl.it\/wp-content\/uploads\/2024\/07\/DSC_0197-36x24.jpg 36w, https:\/\/www.omzsrl.it\/wp-content\/uploads\/2024\/07\/DSC_0197-48x32.jpg 48w, https:\/\/www.omzsrl.it\/wp-content\/uploads\/2024\/07\/DSC_0197-600x400.jpg 600w\" sizes=\"(max-width: 300px) 100vw, 300px\" \/><\/a>\n\t\t\t<\/dt><\/dl><dl class='gallery-item'>\n\t\t\t<dt class='gallery-icon landscape'>\n\t\t\t\t<a data-elementor-open-lightbox=\"yes\" data-elementor-lightbox-slideshow=\"18d0d9c\" data-elementor-lightbox-title=\"DSC_0181\" data-e-action-hash=\"#elementor-action%3Aaction%3Dlightbox%26settings%3DeyJpZCI6ODMwNywidXJsIjoiaHR0cHM6XC9cL3d3dy5vbXpzcmwuaXRcL3dwLWNvbnRlbnRcL3VwbG9hZHNcLzIwMjRcLzA3XC9EU0NfMDE4MS1zY2FsZWQuanBnIiwic2xpZGVzaG93IjoiMThkMGQ5YyJ9\" href='https:\/\/www.omzsrl.it\/wp-content\/uploads\/2024\/07\/DSC_0181-scaled.jpg'><img loading=\"lazy\" decoding=\"async\" width=\"300\" height=\"200\" src=\"https:\/\/www.omzsrl.it\/wp-content\/uploads\/2024\/07\/DSC_0181-300x200.jpg\" class=\"attachment-medium size-medium\" alt=\"\" srcset=\"https:\/\/www.omzsrl.it\/wp-content\/uploads\/2024\/07\/DSC_0181-300x200.jpg 300w, https:\/\/www.omzsrl.it\/wp-content\/uploads\/2024\/07\/DSC_0181-1024x683.jpg 1024w, https:\/\/www.omzsrl.it\/wp-content\/uploads\/2024\/07\/DSC_0181-768x512.jpg 768w, https:\/\/www.omzsrl.it\/wp-content\/uploads\/2024\/07\/DSC_0181-1536x1024.jpg 1536w, https:\/\/www.omzsrl.it\/wp-content\/uploads\/2024\/07\/DSC_0181-2048x1365.jpg 2048w, https:\/\/www.omzsrl.it\/wp-content\/uploads\/2024\/07\/DSC_0181-24x16.jpg 24w, https:\/\/www.omzsrl.it\/wp-content\/uploads\/2024\/07\/DSC_0181-36x24.jpg 36w, https:\/\/www.omzsrl.it\/wp-content\/uploads\/2024\/07\/DSC_0181-48x32.jpg 48w, https:\/\/www.omzsrl.it\/wp-content\/uploads\/2024\/07\/DSC_0181-600x400.jpg 600w\" sizes=\"(max-width: 300px) 100vw, 300px\" \/><\/a>\n\t\t\t<\/dt><\/dl><br style=\"clear: both\" \/>\n\t\t<\/div>\n\t\t<\/div>\n\t\t\t\t\t\t<\/div>\n\t\t\t\t<\/div>\n\t\t\t\t\t<\/div>\n\t\t<\/div>\n\t\t\t\t\t<\/div>\n\t\t<\/section>\n\t\t\t\t<section class=\"elementor-section elementor-top-section elementor-element elementor-element-ceb8294 elementor-section-boxed elementor-section-height-default elementor-section-height-default qodef-elementor-content-no\" data-id=\"ceb8294\" data-element_type=\"section\" data-e-type=\"section\">\n\t\t\t\t\t\t<div class=\"elementor-container elementor-column-gap-default\">\n\t\t\t\t\t<div class=\"elementor-column elementor-col-25 elementor-top-column elementor-element elementor-element-e0efa8b\" data-id=\"e0efa8b\" data-element_type=\"column\" data-e-type=\"column\">\n\t\t\t<div class=\"elementor-widget-wrap elementor-element-populated\">\n\t\t\t\t\t\t<div class=\"elementor-element elementor-element-97a9017 elementor-widget elementor-widget-text-editor\" data-id=\"97a9017\" data-element_type=\"widget\" data-e-type=\"widget\" data-widget_type=\"text-editor.default\">\n\t\t\t\t<div class=\"elementor-widget-container\">\n\t\t\t\t\t\t\t\t\t<div class=\"infobox__row infobox__title store-location\"><strong>Lavaggio Cisterne Malpensa<\/strong><\/div>\n<div class=\"store-storeReview\"> <\/div>\n<div class=\"infobox__row store-address\">Via Pascal, 1 Cassano Magnago (VA), Italy<\/div>\n\t\t\t\t\t\t\t\t<\/div>\n\t\t\t\t<\/div>\n\t\t\t\t\t<\/div>\n\t\t<\/div>\n\t\t\t\t<div class=\"elementor-column elementor-col-25 elementor-top-column elementor-element elementor-element-cb34657\" data-id=\"cb34657\" data-element_type=\"column\" data-e-type=\"column\">\n\t\t\t<div class=\"elementor-widget-wrap elementor-element-populated\">\n\t\t\t\t\t\t<div class=\"elementor-element elementor-element-89fb7ba elementor-widget__width-initial elementor-widget elementor-widget-text-editor\" data-id=\"89fb7ba\" data-element_type=\"widget\" data-e-type=\"widget\" data-widget_type=\"text-editor.default\">\n\t\t\t\t<div class=\"elementor-widget-container\">\n\t\t\t\t\t\t\t\t\t<div id=\"info-website\" class=\"infobox__subtitle\"><strong>Website<\/strong><\/div>\n<div> <\/div>\n<div><a href=\"http:\/\/www.lcm-srl.eu\">http:\/\/www.lcm-srl.eu<\/a><\/div>\n\t\t\t\t\t\t\t\t<\/div>\n\t\t\t\t<\/div>\n\t\t\t\t\t<\/div>\n\t\t<\/div>\n\t\t\t\t<div class=\"elementor-column elementor-col-25 elementor-top-column elementor-element elementor-element-bb3f73f\" data-id=\"bb3f73f\" data-element_type=\"column\" data-e-type=\"column\">\n\t\t\t<div class=\"elementor-widget-wrap elementor-element-populated\">\n\t\t\t\t\t\t<div class=\"elementor-element elementor-element-e6b007a elementor-widget__width-initial elementor-widget elementor-widget-text-editor\" data-id=\"e6b007a\" data-element_type=\"widget\" data-e-type=\"widget\" data-widget_type=\"text-editor.default\">\n\t\t\t\t<div class=\"elementor-widget-container\">\n\t\t\t\t\t\t\t\t\t<div id=\"info-email\" class=\"infobox__subtitle\"><strong>Email<\/strong><\/div>\n<div> <\/div>\n<div class=\"infobox__subtitle\"><a href=\"mailto:lavaggio@lcm-srl.eu\"><a href=\"mailto:lavaggio@lcm-srl.eu\">lavaggio@lcm-srl.eu<\/a><\/a><\/div>\n\t\t\t\t\t\t\t\t<\/div>\n\t\t\t\t<\/div>\n\t\t\t\t\t<\/div>\n\t\t<\/div>\n\t\t\t\t<div class=\"elementor-column elementor-col-25 elementor-top-column elementor-element elementor-element-b82c29c\" data-id=\"b82c29c\" data-element_type=\"column\" data-e-type=\"column\">\n\t\t\t<div class=\"elementor-widget-wrap elementor-element-populated\">\n\t\t\t\t\t\t<div class=\"elementor-element elementor-element-def4a10 elementor-widget__width-initial elementor-widget elementor-widget-text-editor\" data-id=\"def4a10\" data-element_type=\"widget\" data-e-type=\"widget\" data-widget_type=\"text-editor.default\">\n\t\t\t\t<div class=\"elementor-widget-container\">\n\t\t\t\t\t\t\t\t\t<div id=\"info-tel\" class=\"infobox__subtitle\"><strong>Phone<\/strong><\/div>\n<div> <\/div>\n<div class=\"infobox__subtitle\">0331 289598<\/div>\n\t\t\t\t\t\t\t\t<\/div>\n\t\t\t\t<\/div>\n\t\t\t\t\t<\/div>\n\t\t<\/div>\n\t\t\t\t\t<\/div>\n\t\t<\/section>\n\t\t\t\t<\/div>\n\t\t","protected":false},"excerpt":{"rendered":"<p>Lavaggio Cisterne Malpensa Puoi descrivere brevemente la tua esperienza con OMZ srl LCM collabora con OMZ fin dall\u2019inizio dell\u2019attivit\u00e0, 15 anni circa di collaborazione continuativa. Quali benefici o miglioramenti hai notato da quando utilizzi il nostro prodotto?Grazie alla collaborazione con OMZ abbiamo potuto avere un impianto tecnologicamente avanzato e sempre aggiornato e funzionante Cosa ti [&hellip;]<\/p>\n","protected":false},"author":2,"featured_media":0,"parent":0,"menu_order":0,"comment_status":"closed","ping_status":"closed","template":"","meta":{"footnotes":""},"class_list":["post-8316","page","type-page","status-publish","hentry"],"_links":{"self":[{"href":"https:\/\/www.omzsrl.it\/en\/wp-json\/wp\/v2\/pages\/8316"}],"collection":[{"href":"https:\/\/www.omzsrl.it\/en\/wp-json\/wp\/v2\/pages"}],"about":[{"href":"https:\/\/www.omzsrl.it\/en\/wp-json\/wp\/v2\/types\/page"}],"author":[{"embeddable":true,"href":"https:\/\/www.omzsrl.it\/en\/wp-json\/wp\/v2\/users\/2"}],"replies":[{"embeddable":true,"href":"https:\/\/www.omzsrl.it\/en\/wp-json\/wp\/v2\/comments?post=8316"}],"version-history":[{"count":1,"href":"https:\/\/www.omzsrl.it\/en\/wp-json\/wp\/v2\/pages\/8316\/revisions"}],"predecessor-version":[{"id":8317,"href":"https:\/\/www.omzsrl.it\/en\/wp-json\/wp\/v2\/pages\/8316\/revisions\/8317"}],"wp:attachment":[{"href":"https:\/\/www.omzsrl.it\/en\/wp-json\/wp\/v2\/media?parent=8316"}],"curies":[{"name":"wp","href":"https:\/\/api.w.org\/{rel}","templated":true}]}}