{"id":8255,"date":"2024-07-23T17:35:48","date_gmt":"2024-07-23T15:35:48","guid":{"rendered":"https:\/\/www.omzsrl.it\/minniti-tank-cleaning\/"},"modified":"2024-07-24T08:48:27","modified_gmt":"2024-07-24T06:48:27","slug":"minniti-tank-cleaning","status":"publish","type":"page","link":"https:\/\/www.omzsrl.it\/en\/minniti-tank-cleaning\/","title":{"rendered":"Minniti Tank Cleaning"},"content":{"rendered":"\t\t<div data-elementor-type=\"wp-page\" data-elementor-id=\"8255\" class=\"elementor elementor-8255 elementor-8246\">\n\t\t\t\t\t\t<section class=\"elementor-section elementor-top-section elementor-element elementor-element-e651dff elementor-section-boxed elementor-section-height-default elementor-section-height-default qodef-elementor-content-no\" data-id=\"e651dff\" data-element_type=\"section\" data-e-type=\"section\">\n\t\t\t\t\t\t<div class=\"elementor-container elementor-column-gap-default\">\n\t\t\t\t\t<div class=\"elementor-column elementor-col-100 elementor-top-column elementor-element elementor-element-68c7bf6\" data-id=\"68c7bf6\" data-element_type=\"column\" data-e-type=\"column\">\n\t\t\t<div class=\"elementor-widget-wrap elementor-element-populated\">\n\t\t\t\t\t\t<div class=\"elementor-element elementor-element-4c1e6b8 elementor-widget elementor-widget-heading\" data-id=\"4c1e6b8\" data-element_type=\"widget\" data-e-type=\"widget\" data-widget_type=\"heading.default\">\n\t\t\t\t<div class=\"elementor-widget-container\">\n\t\t\t\t\t<h2 class=\"elementor-heading-title elementor-size-default\">Minniti Tank Cleaning<\/h2>\t\t\t\t<\/div>\n\t\t\t\t<\/div>\n\t\t\t\t<div class=\"elementor-element elementor-element-f2ef81a elementor-widget elementor-widget-text-editor\" data-id=\"f2ef81a\" data-element_type=\"widget\" data-e-type=\"widget\" data-widget_type=\"text-editor.default\">\n\t\t\t\t<div class=\"elementor-widget-container\">\n\t\t\t\t\t\t\t\t\t<p><strong>Puoi descrivere brevemente la tua esperienza con OMZ srl?<br \/><\/strong><em>Il rapporto con OMZ srl nasce con la realizzazione delle prime 3 piste di lavaggio per cisterne nel 2017. Sin da subito abbiamo capito di aver scelto un fornitore affidabile, flessibile e puntuale; il rapporto \u00e8 continuato positivamente negli anni successivi e crediamo che nel futuro possa solo migliorare. <\/em><\/p><p><strong>Quali benefici o miglioramenti hai notato da quando utilizzi il nostro prodotto?<br \/><\/strong><em>Abbiamo sempre utilizzato solamente un vostro prodotto, non abbiamo esperienza con prodotti della concorrenza.<\/em><\/p><p><strong>Cosa ti \u00e8 piaciuto di pi\u00f9 del nostro prodotto e perch\u00e9?<br \/><\/strong><em>L&#8217;adattabilit\u00e0 alle nostre specifiche esigenze e la sua affidabilit\u00e0.<\/em><\/p><p><strong>Raccomanderesti il nostro OMZ e i suoi prodotti ad altri? Se s\u00ec, perch\u00e9? <br \/><\/strong><em>Si perch\u00e9 un prodotto di OMZ \u00e8 affidabile<\/em><\/p><p>\u00a0<\/p><p><em><strong>Antoninio Minniti<\/strong><\/em><\/p>\t\t\t\t\t\t\t\t<\/div>\n\t\t\t\t<\/div>\n\t\t\t\t\t<\/div>\n\t\t<\/div>\n\t\t\t\t\t<\/div>\n\t\t<\/section>\n\t\t\t\t<section class=\"elementor-section elementor-top-section elementor-element elementor-element-fc11460 elementor-section-boxed elementor-section-height-default elementor-section-height-default qodef-elementor-content-no\" data-id=\"fc11460\" data-element_type=\"section\" data-e-type=\"section\">\n\t\t\t\t\t\t<div class=\"elementor-container elementor-column-gap-default\">\n\t\t\t\t\t<div class=\"elementor-column elementor-col-100 elementor-top-column elementor-element elementor-element-8a6cccf\" data-id=\"8a6cccf\" data-element_type=\"column\" data-e-type=\"column\">\n\t\t\t<div class=\"elementor-widget-wrap elementor-element-populated\">\n\t\t\t\t\t\t<div class=\"elementor-element elementor-element-ee7a993 elementor-widget elementor-widget-image-gallery\" data-id=\"ee7a993\" data-element_type=\"widget\" data-e-type=\"widget\" data-widget_type=\"image-gallery.default\">\n\t\t\t\t<div class=\"elementor-widget-container\">\n\t\t\t\t\t\t\t<div class=\"elementor-image-gallery\">\n\t\t\t\n\t\t<style type=\"text\/css\">\n\t\t\t#gallery-1 {\n\t\t\t\tmargin: auto;\n\t\t\t}\n\t\t\t#gallery-1 .gallery-item {\n\t\t\t\tfloat: left;\n\t\t\t\tmargin-top: 10px;\n\t\t\t\ttext-align: center;\n\t\t\t\twidth: 25%;\n\t\t\t}\n\t\t\t#gallery-1 img {\n\t\t\t\tborder: 2px solid #cfcfcf;\n\t\t\t}\n\t\t\t#gallery-1 .gallery-caption {\n\t\t\t\tmargin-left: 0;\n\t\t\t}\n\t\t\t\/* see gallery_shortcode() in wp-includes\/media.php *\/\n\t\t<\/style>\n\t\t<div id='gallery-1' class='gallery galleryid-8255 gallery-columns-4 gallery-size-medium'><dl class='gallery-item'>\n\t\t\t<dt class='gallery-icon portrait'>\n\t\t\t\t<a data-elementor-open-lightbox=\"yes\" data-elementor-lightbox-slideshow=\"ee7a993\" data-elementor-lightbox-title=\"WhatsApp-Image-2024-07-23-at-16.10.51-scaled.jpeg\" data-e-action-hash=\"#elementor-action%3Aaction%3Dlightbox%26settings%3DeyJpZCI6ODI0MiwidXJsIjoiaHR0cHM6XC9cL3d3dy5vbXpzcmwuaXRcL3dwLWNvbnRlbnRcL3VwbG9hZHNcLzIwMjRcLzA3XC9XaGF0c0FwcC1JbWFnZS0yMDI0LTA3LTIzLWF0LTE2LjEwLjUxLXNjYWxlZC0xLmpwZWciLCJzbGlkZXNob3ciOiJlZTdhOTkzIn0%3D\" href='https:\/\/www.omzsrl.it\/wp-content\/uploads\/2024\/07\/WhatsApp-Image-2024-07-23-at-16.10.51-scaled-1.jpeg'><img loading=\"lazy\" decoding=\"async\" width=\"169\" height=\"300\" src=\"https:\/\/www.omzsrl.it\/wp-content\/uploads\/2024\/07\/WhatsApp-Image-2024-07-23-at-16.10.51-scaled-1-169x300.jpeg\" class=\"attachment-medium size-medium\" alt=\"\" srcset=\"https:\/\/www.omzsrl.it\/wp-content\/uploads\/2024\/07\/WhatsApp-Image-2024-07-23-at-16.10.51-scaled-1-169x300.jpeg 169w, https:\/\/www.omzsrl.it\/wp-content\/uploads\/2024\/07\/WhatsApp-Image-2024-07-23-at-16.10.51-scaled-1-576x1024.jpeg 576w, https:\/\/www.omzsrl.it\/wp-content\/uploads\/2024\/07\/WhatsApp-Image-2024-07-23-at-16.10.51-scaled-1-768x1365.jpeg 768w, https:\/\/www.omzsrl.it\/wp-content\/uploads\/2024\/07\/WhatsApp-Image-2024-07-23-at-16.10.51-scaled-1-864x1536.jpeg 864w, https:\/\/www.omzsrl.it\/wp-content\/uploads\/2024\/07\/WhatsApp-Image-2024-07-23-at-16.10.51-scaled-1-1152x2048.jpeg 1152w, https:\/\/www.omzsrl.it\/wp-content\/uploads\/2024\/07\/WhatsApp-Image-2024-07-23-at-16.10.51-scaled-1-14x24.jpeg 14w, https:\/\/www.omzsrl.it\/wp-content\/uploads\/2024\/07\/WhatsApp-Image-2024-07-23-at-16.10.51-scaled-1-20x36.jpeg 20w, https:\/\/www.omzsrl.it\/wp-content\/uploads\/2024\/07\/WhatsApp-Image-2024-07-23-at-16.10.51-scaled-1-27x48.jpeg 27w, https:\/\/www.omzsrl.it\/wp-content\/uploads\/2024\/07\/WhatsApp-Image-2024-07-23-at-16.10.51-scaled-1-600x1067.jpeg 600w, https:\/\/www.omzsrl.it\/wp-content\/uploads\/2024\/07\/WhatsApp-Image-2024-07-23-at-16.10.51-scaled-1.jpeg 1440w\" sizes=\"(max-width: 169px) 100vw, 169px\" \/><\/a>\n\t\t\t<\/dt><\/dl><dl class='gallery-item'>\n\t\t\t<dt class='gallery-icon portrait'>\n\t\t\t\t<a data-elementor-open-lightbox=\"yes\" data-elementor-lightbox-slideshow=\"ee7a993\" data-elementor-lightbox-title=\"WhatsApp Image 2024-07-23 at 16.10.21\" data-e-action-hash=\"#elementor-action%3Aaction%3Dlightbox%26settings%3DeyJpZCI6ODIzNSwidXJsIjoiaHR0cHM6XC9cL3d3dy5vbXpzcmwuaXRcL3dwLWNvbnRlbnRcL3VwbG9hZHNcLzIwMjRcLzA3XC9XaGF0c0FwcC1JbWFnZS0yMDI0LTA3LTIzLWF0LTE2LjEwLjIxLXNjYWxlZC5qcGVnIiwic2xpZGVzaG93IjoiZWU3YTk5MyJ9\" href='https:\/\/www.omzsrl.it\/wp-content\/uploads\/2024\/07\/WhatsApp-Image-2024-07-23-at-16.10.21-scaled.jpeg'><img loading=\"lazy\" decoding=\"async\" width=\"225\" height=\"300\" src=\"https:\/\/www.omzsrl.it\/wp-content\/uploads\/2024\/07\/WhatsApp-Image-2024-07-23-at-16.10.21-225x300.jpeg\" class=\"attachment-medium size-medium\" alt=\"\" srcset=\"https:\/\/www.omzsrl.it\/wp-content\/uploads\/2024\/07\/WhatsApp-Image-2024-07-23-at-16.10.21-225x300.jpeg 225w, https:\/\/www.omzsrl.it\/wp-content\/uploads\/2024\/07\/WhatsApp-Image-2024-07-23-at-16.10.21-768x1024.jpeg 768w, https:\/\/www.omzsrl.it\/wp-content\/uploads\/2024\/07\/WhatsApp-Image-2024-07-23-at-16.10.21-1152x1536.jpeg 1152w, https:\/\/www.omzsrl.it\/wp-content\/uploads\/2024\/07\/WhatsApp-Image-2024-07-23-at-16.10.21-1536x2048.jpeg 1536w, https:\/\/www.omzsrl.it\/wp-content\/uploads\/2024\/07\/WhatsApp-Image-2024-07-23-at-16.10.21-18x24.jpeg 18w, https:\/\/www.omzsrl.it\/wp-content\/uploads\/2024\/07\/WhatsApp-Image-2024-07-23-at-16.10.21-27x36.jpeg 27w, https:\/\/www.omzsrl.it\/wp-content\/uploads\/2024\/07\/WhatsApp-Image-2024-07-23-at-16.10.21-36x48.jpeg 36w, https:\/\/www.omzsrl.it\/wp-content\/uploads\/2024\/07\/WhatsApp-Image-2024-07-23-at-16.10.21-600x800.jpeg 600w, https:\/\/www.omzsrl.it\/wp-content\/uploads\/2024\/07\/WhatsApp-Image-2024-07-23-at-16.10.21-scaled.jpeg 1920w\" sizes=\"(max-width: 225px) 100vw, 225px\" \/><\/a>\n\t\t\t<\/dt><\/dl><dl class='gallery-item'>\n\t\t\t<dt class='gallery-icon portrait'>\n\t\t\t\t<a data-elementor-open-lightbox=\"yes\" data-elementor-lightbox-slideshow=\"ee7a993\" data-elementor-lightbox-title=\"WhatsApp Image 2024-07-23 at 16.09.18\" data-e-action-hash=\"#elementor-action%3Aaction%3Dlightbox%26settings%3DeyJpZCI6ODIzMywidXJsIjoiaHR0cHM6XC9cL3d3dy5vbXpzcmwuaXRcL3dwLWNvbnRlbnRcL3VwbG9hZHNcLzIwMjRcLzA3XC9XaGF0c0FwcC1JbWFnZS0yMDI0LTA3LTIzLWF0LTE2LjA5LjE4LXNjYWxlZC5qcGVnIiwic2xpZGVzaG93IjoiZWU3YTk5MyJ9\" href='https:\/\/www.omzsrl.it\/wp-content\/uploads\/2024\/07\/WhatsApp-Image-2024-07-23-at-16.09.18-scaled.jpeg'><img loading=\"lazy\" decoding=\"async\" width=\"225\" height=\"300\" src=\"https:\/\/www.omzsrl.it\/wp-content\/uploads\/2024\/07\/WhatsApp-Image-2024-07-23-at-16.09.18-225x300.jpeg\" class=\"attachment-medium size-medium\" alt=\"\" srcset=\"https:\/\/www.omzsrl.it\/wp-content\/uploads\/2024\/07\/WhatsApp-Image-2024-07-23-at-16.09.18-225x300.jpeg 225w, https:\/\/www.omzsrl.it\/wp-content\/uploads\/2024\/07\/WhatsApp-Image-2024-07-23-at-16.09.18-768x1024.jpeg 768w, https:\/\/www.omzsrl.it\/wp-content\/uploads\/2024\/07\/WhatsApp-Image-2024-07-23-at-16.09.18-1152x1536.jpeg 1152w, https:\/\/www.omzsrl.it\/wp-content\/uploads\/2024\/07\/WhatsApp-Image-2024-07-23-at-16.09.18-1536x2048.jpeg 1536w, https:\/\/www.omzsrl.it\/wp-content\/uploads\/2024\/07\/WhatsApp-Image-2024-07-23-at-16.09.18-18x24.jpeg 18w, https:\/\/www.omzsrl.it\/wp-content\/uploads\/2024\/07\/WhatsApp-Image-2024-07-23-at-16.09.18-27x36.jpeg 27w, https:\/\/www.omzsrl.it\/wp-content\/uploads\/2024\/07\/WhatsApp-Image-2024-07-23-at-16.09.18-36x48.jpeg 36w, https:\/\/www.omzsrl.it\/wp-content\/uploads\/2024\/07\/WhatsApp-Image-2024-07-23-at-16.09.18-600x800.jpeg 600w, https:\/\/www.omzsrl.it\/wp-content\/uploads\/2024\/07\/WhatsApp-Image-2024-07-23-at-16.09.18-scaled.jpeg 1920w\" sizes=\"(max-width: 225px) 100vw, 225px\" \/><\/a>\n\t\t\t<\/dt><\/dl><dl class='gallery-item'>\n\t\t\t<dt class='gallery-icon portrait'>\n\t\t\t\t<a data-elementor-open-lightbox=\"yes\" data-elementor-lightbox-slideshow=\"ee7a993\" data-elementor-lightbox-title=\"WhatsApp Image 2024-07-23 at 16.07.40\" data-e-action-hash=\"#elementor-action%3Aaction%3Dlightbox%26settings%3DeyJpZCI6ODIzMSwidXJsIjoiaHR0cHM6XC9cL3d3dy5vbXpzcmwuaXRcL3dwLWNvbnRlbnRcL3VwbG9hZHNcLzIwMjRcLzA3XC9XaGF0c0FwcC1JbWFnZS0yMDI0LTA3LTIzLWF0LTE2LjA3LjQwLXNjYWxlZC5qcGVnIiwic2xpZGVzaG93IjoiZWU3YTk5MyJ9\" href='https:\/\/www.omzsrl.it\/wp-content\/uploads\/2024\/07\/WhatsApp-Image-2024-07-23-at-16.07.40-scaled.jpeg'><img loading=\"lazy\" decoding=\"async\" width=\"225\" height=\"300\" src=\"https:\/\/www.omzsrl.it\/wp-content\/uploads\/2024\/07\/WhatsApp-Image-2024-07-23-at-16.07.40-225x300.jpeg\" class=\"attachment-medium size-medium\" alt=\"\" srcset=\"https:\/\/www.omzsrl.it\/wp-content\/uploads\/2024\/07\/WhatsApp-Image-2024-07-23-at-16.07.40-225x300.jpeg 225w, https:\/\/www.omzsrl.it\/wp-content\/uploads\/2024\/07\/WhatsApp-Image-2024-07-23-at-16.07.40-768x1024.jpeg 768w, https:\/\/www.omzsrl.it\/wp-content\/uploads\/2024\/07\/WhatsApp-Image-2024-07-23-at-16.07.40-1152x1536.jpeg 1152w, https:\/\/www.omzsrl.it\/wp-content\/uploads\/2024\/07\/WhatsApp-Image-2024-07-23-at-16.07.40-1536x2048.jpeg 1536w, https:\/\/www.omzsrl.it\/wp-content\/uploads\/2024\/07\/WhatsApp-Image-2024-07-23-at-16.07.40-18x24.jpeg 18w, https:\/\/www.omzsrl.it\/wp-content\/uploads\/2024\/07\/WhatsApp-Image-2024-07-23-at-16.07.40-27x36.jpeg 27w, https:\/\/www.omzsrl.it\/wp-content\/uploads\/2024\/07\/WhatsApp-Image-2024-07-23-at-16.07.40-36x48.jpeg 36w, https:\/\/www.omzsrl.it\/wp-content\/uploads\/2024\/07\/WhatsApp-Image-2024-07-23-at-16.07.40-600x800.jpeg 600w, https:\/\/www.omzsrl.it\/wp-content\/uploads\/2024\/07\/WhatsApp-Image-2024-07-23-at-16.07.40-scaled.jpeg 1920w\" sizes=\"(max-width: 225px) 100vw, 225px\" \/><\/a>\n\t\t\t<\/dt><\/dl><br style=\"clear: both\" \/>\n\t\t<\/div>\n\t\t<\/div>\n\t\t\t\t\t\t<\/div>\n\t\t\t\t<\/div>\n\t\t\t\t\t<\/div>\n\t\t<\/div>\n\t\t\t\t\t<\/div>\n\t\t<\/section>\n\t\t\t\t<section class=\"elementor-section elementor-top-section elementor-element elementor-element-97b3c48 elementor-section-boxed elementor-section-height-default elementor-section-height-default qodef-elementor-content-no\" data-id=\"97b3c48\" data-element_type=\"section\" data-e-type=\"section\">\n\t\t\t\t\t\t<div class=\"elementor-container elementor-column-gap-default\">\n\t\t\t\t\t<div class=\"elementor-column elementor-col-25 elementor-top-column elementor-element elementor-element-91bfea7\" data-id=\"91bfea7\" data-element_type=\"column\" data-e-type=\"column\">\n\t\t\t<div class=\"elementor-widget-wrap elementor-element-populated\">\n\t\t\t\t\t\t<div class=\"elementor-element elementor-element-31dde86 elementor-widget elementor-widget-text-editor\" data-id=\"31dde86\" data-element_type=\"widget\" data-e-type=\"widget\" data-widget_type=\"text-editor.default\">\n\t\t\t\t<div class=\"elementor-widget-container\">\n\t\t\t\t\t\t\t\t\t<div class=\"infobox__row infobox__title store-location\"><strong>Minniti Tank Cleaning<\/strong><\/div><div class=\"store-storeReview\">\u00a0<\/div><div class=\"infobox__row store-address\">Via Albert Eistein 1 \u2013 27036 Mortara (PV), Italy 27036<\/div>\t\t\t\t\t\t\t\t<\/div>\n\t\t\t\t<\/div>\n\t\t\t\t\t<\/div>\n\t\t<\/div>\n\t\t\t\t<div class=\"elementor-column elementor-col-25 elementor-top-column elementor-element elementor-element-e9a1de9\" data-id=\"e9a1de9\" data-element_type=\"column\" data-e-type=\"column\">\n\t\t\t<div class=\"elementor-widget-wrap elementor-element-populated\">\n\t\t\t\t\t\t<div class=\"elementor-element elementor-element-c7e3563 elementor-widget__width-initial elementor-widget elementor-widget-text-editor\" data-id=\"c7e3563\" data-element_type=\"widget\" data-e-type=\"widget\" data-widget_type=\"text-editor.default\">\n\t\t\t\t<div class=\"elementor-widget-container\">\n\t\t\t\t\t\t\t\t\t<div id=\"info-website\" class=\"infobox__subtitle\"><strong>Website<\/strong><\/div><div>\u00a0<\/div><div class=\"infobox__subtitle\"><a href=\"http:\/\/www.minnitiautotrasporti.com\">http:\/\/www.minnitiautotrasporti.com<\/a><\/div>\t\t\t\t\t\t\t\t<\/div>\n\t\t\t\t<\/div>\n\t\t\t\t\t<\/div>\n\t\t<\/div>\n\t\t\t\t<div class=\"elementor-column elementor-col-25 elementor-top-column elementor-element elementor-element-2e545a0\" data-id=\"2e545a0\" data-element_type=\"column\" data-e-type=\"column\">\n\t\t\t<div class=\"elementor-widget-wrap elementor-element-populated\">\n\t\t\t\t\t\t<div class=\"elementor-element elementor-element-64c8811 elementor-widget__width-initial elementor-widget elementor-widget-text-editor\" data-id=\"64c8811\" data-element_type=\"widget\" data-e-type=\"widget\" data-widget_type=\"text-editor.default\">\n\t\t\t\t<div class=\"elementor-widget-container\">\n\t\t\t\t\t\t\t\t\t<div id=\"info-email\" class=\"infobox__subtitle\"><strong>Email<\/strong><\/div><div>\u00a0<\/div><div class=\"infobox__subtitle\"><a href=\"mailto:cleaning@minnitiautotrasporti.com\">cleaning@minnitiautotrasporti.com<\/a><\/div>\t\t\t\t\t\t\t\t<\/div>\n\t\t\t\t<\/div>\n\t\t\t\t\t<\/div>\n\t\t<\/div>\n\t\t\t\t<div class=\"elementor-column elementor-col-25 elementor-top-column elementor-element elementor-element-eae0014\" data-id=\"eae0014\" data-element_type=\"column\" data-e-type=\"column\">\n\t\t\t<div class=\"elementor-widget-wrap elementor-element-populated\">\n\t\t\t\t\t\t<div class=\"elementor-element elementor-element-c7ae9c9 elementor-widget__width-initial elementor-widget elementor-widget-text-editor\" data-id=\"c7ae9c9\" data-element_type=\"widget\" data-e-type=\"widget\" data-widget_type=\"text-editor.default\">\n\t\t\t\t<div class=\"elementor-widget-container\">\n\t\t\t\t\t\t\t\t\t<div id=\"info-tel\" class=\"infobox__subtitle\"><strong>Phone<\/strong><\/div><div>\u00a0<\/div><div class=\"infobox__subtitle\">0384 91804<\/div>\t\t\t\t\t\t\t\t<\/div>\n\t\t\t\t<\/div>\n\t\t\t\t\t<\/div>\n\t\t<\/div>\n\t\t\t\t\t<\/div>\n\t\t<\/section>\n\t\t\t\t<\/div>\n\t\t","protected":false},"excerpt":{"rendered":"<p>Minniti Tank Cleaning Puoi descrivere brevemente la tua esperienza con OMZ srl?Il rapporto con OMZ srl nasce con la realizzazione delle prime 3 piste di lavaggio per cisterne nel 2017. Sin da subito abbiamo capito di aver scelto un fornitore affidabile, flessibile e puntuale; il rapporto \u00e8 continuato positivamente negli anni successivi e crediamo che [&hellip;]<\/p>\n","protected":false},"author":2,"featured_media":0,"parent":0,"menu_order":0,"comment_status":"closed","ping_status":"closed","template":"","meta":{"footnotes":""},"class_list":["post-8255","page","type-page","status-publish","hentry"],"_links":{"self":[{"href":"https:\/\/www.omzsrl.it\/en\/wp-json\/wp\/v2\/pages\/8255"}],"collection":[{"href":"https:\/\/www.omzsrl.it\/en\/wp-json\/wp\/v2\/pages"}],"about":[{"href":"https:\/\/www.omzsrl.it\/en\/wp-json\/wp\/v2\/types\/page"}],"author":[{"embeddable":true,"href":"https:\/\/www.omzsrl.it\/en\/wp-json\/wp\/v2\/users\/2"}],"replies":[{"embeddable":true,"href":"https:\/\/www.omzsrl.it\/en\/wp-json\/wp\/v2\/comments?post=8255"}],"version-history":[{"count":7,"href":"https:\/\/www.omzsrl.it\/en\/wp-json\/wp\/v2\/pages\/8255\/revisions"}],"predecessor-version":[{"id":8292,"href":"https:\/\/www.omzsrl.it\/en\/wp-json\/wp\/v2\/pages\/8255\/revisions\/8292"}],"wp:attachment":[{"href":"https:\/\/www.omzsrl.it\/en\/wp-json\/wp\/v2\/media?parent=8255"}],"curies":[{"name":"wp","href":"https:\/\/api.w.org\/{rel}","templated":true}]}}