{"id":8227,"date":"2024-07-23T15:21:23","date_gmt":"2024-07-23T13:21:23","guid":{"rendered":"https:\/\/www.omzsrl.it\/sud-lavaggio-srl\/"},"modified":"2024-07-24T08:47:31","modified_gmt":"2024-07-24T06:47:31","slug":"sud-lavaggio-srl","status":"publish","type":"page","link":"https:\/\/www.omzsrl.it\/en\/sud-lavaggio-srl\/","title":{"rendered":"Sud Lavaggio Srl"},"content":{"rendered":"\t\t<div data-elementor-type=\"wp-page\" data-elementor-id=\"8227\" class=\"elementor elementor-8227 elementor-8221\">\n\t\t\t\t\t\t<section class=\"elementor-section elementor-top-section elementor-element elementor-element-da44ced elementor-section-boxed elementor-section-height-default elementor-section-height-default qodef-elementor-content-no\" data-id=\"da44ced\" data-element_type=\"section\" data-e-type=\"section\">\n\t\t\t\t\t\t<div class=\"elementor-container elementor-column-gap-default\">\n\t\t\t\t\t<div class=\"elementor-column elementor-col-100 elementor-top-column elementor-element elementor-element-d06a0b7\" data-id=\"d06a0b7\" data-element_type=\"column\" data-e-type=\"column\">\n\t\t\t<div class=\"elementor-widget-wrap elementor-element-populated\">\n\t\t\t\t\t\t<div class=\"elementor-element elementor-element-24c96e5 elementor-widget elementor-widget-heading\" data-id=\"24c96e5\" data-element_type=\"widget\" data-e-type=\"widget\" data-widget_type=\"heading.default\">\n\t\t\t\t<div class=\"elementor-widget-container\">\n\t\t\t\t\t<h2 class=\"elementor-heading-title elementor-size-default\">Sud Lavaggio Srl<\/h2>\t\t\t\t<\/div>\n\t\t\t\t<\/div>\n\t\t\t\t<div class=\"elementor-element elementor-element-f8b0b21 elementor-widget elementor-widget-text-editor\" data-id=\"f8b0b21\" data-element_type=\"widget\" data-e-type=\"widget\" data-widget_type=\"text-editor.default\">\n\t\t\t\t<div class=\"elementor-widget-container\">\n\t\t\t\t\t\t\t\t\t<p><strong>Puoi descrivere brevemente la tua esperienza con OMZ srl?<br \/><\/strong><em>Autopromotec Bologna 2002. Inizi\u00f2 da l\u00ec la conoscenza tra SUD LAVAGGIO SRL e OMZ SRL. Incuriositi dallo stand e dalle attrezzature proposte mio Padre, fondatore dell&#8217;impianto di lavaggio, decise di acquistare la prima testa rotante manuale, per lavare e bonificare piccoli contenitori e cisterne&#8230;. dopo un susseguirsi di traguardi e innovazioni, nel 2022 , abbiamo realizzato grazie ad OMZ l&#8217;attuale impianto pi\u00f9 grande d&#8217;Italia. <\/em><\/p><p><strong>Quali benefici o miglioramenti hai notato da quando utilizzi il nostro prodotto?<br \/><\/strong><em>I primi benefici sono stati l&#8217;acquisto di clientela grazie alla fornitura OMZ, i miglioramenti sono susseguiti anno dopo anno grazie a nuove tecnologie e confort di attrezzature straordinarie.<\/em><\/p><p style=\"font-weight: 400;\"><em><strong>Cosa ti \u00e8 piaciuto di pi\u00f9 del nostro prodotto e perch\u00e9?<br \/><\/strong><\/em><em>Personalmente amo i gruppi lance OMZ. Sono gruppi elettronici dotati di inverter che modulano pressione e portata garantendoti un lavoro continuo e piacevole. Riesco a generare anche acqua calda per ben 25 punti Lancia. <\/em><\/p><p><strong>Raccomanderesti il nostro OMZ e i suoi prodotti ad altri? Se s\u00ec, perch\u00e9? <br \/><\/strong><em>Raccomanderei fortemente OMZ a qualsiasi imprenditore o persona che vuole intraprendere il percorso da lavaggista. Sono super aggiornati, super forti e sono molto tempestivi in caso di assistenza sia da remoto sia che in presenza.<\/em><\/p><p>\u00a0<\/p><p><strong><em>Riccardo Butera<\/em><\/strong><\/p>\t\t\t\t\t\t\t\t<\/div>\n\t\t\t\t<\/div>\n\t\t\t\t\t<\/div>\n\t\t<\/div>\n\t\t\t\t\t<\/div>\n\t\t<\/section>\n\t\t\t\t<section class=\"elementor-section elementor-top-section elementor-element elementor-element-778512d elementor-section-boxed elementor-section-height-default elementor-section-height-default qodef-elementor-content-no\" data-id=\"778512d\" data-element_type=\"section\" data-e-type=\"section\">\n\t\t\t\t\t\t<div class=\"elementor-container elementor-column-gap-default\">\n\t\t\t\t\t<div class=\"elementor-column elementor-col-100 elementor-top-column elementor-element elementor-element-ffd3d8d\" data-id=\"ffd3d8d\" data-element_type=\"column\" data-e-type=\"column\">\n\t\t\t<div class=\"elementor-widget-wrap elementor-element-populated\">\n\t\t\t\t\t\t<div class=\"elementor-element elementor-element-fdb5dee elementor-widget elementor-widget-image-gallery\" data-id=\"fdb5dee\" data-element_type=\"widget\" data-e-type=\"widget\" data-widget_type=\"image-gallery.default\">\n\t\t\t\t<div class=\"elementor-widget-container\">\n\t\t\t\t\t\t\t<div class=\"elementor-image-gallery\">\n\t\t\t\n\t\t<style type=\"text\/css\">\n\t\t\t#gallery-1 {\n\t\t\t\tmargin: auto;\n\t\t\t}\n\t\t\t#gallery-1 .gallery-item {\n\t\t\t\tfloat: left;\n\t\t\t\tmargin-top: 10px;\n\t\t\t\ttext-align: center;\n\t\t\t\twidth: 33%;\n\t\t\t}\n\t\t\t#gallery-1 img {\n\t\t\t\tborder: 2px solid #cfcfcf;\n\t\t\t}\n\t\t\t#gallery-1 .gallery-caption {\n\t\t\t\tmargin-left: 0;\n\t\t\t}\n\t\t\t\/* see gallery_shortcode() in wp-includes\/media.php *\/\n\t\t<\/style>\n\t\t<div id='gallery-1' class='gallery galleryid-8227 gallery-columns-3 gallery-size-medium'><dl class='gallery-item'>\n\t\t\t<dt class='gallery-icon landscape'>\n\t\t\t\t<a data-elementor-open-lightbox=\"yes\" data-elementor-lightbox-slideshow=\"fdb5dee\" data-elementor-lightbox-title=\"DSC_9704_01\" data-e-action-hash=\"#elementor-action%3Aaction%3Dlightbox%26settings%3DeyJpZCI6ODIwOCwidXJsIjoiaHR0cHM6XC9cL3d3dy5vbXpzcmwuaXRcL3dwLWNvbnRlbnRcL3VwbG9hZHNcLzIwMjRcLzA3XC9EU0NfOTcwNF8wMS1zY2FsZWQuanBnIiwic2xpZGVzaG93IjoiZmRiNWRlZSJ9\" href='https:\/\/www.omzsrl.it\/wp-content\/uploads\/2024\/07\/DSC_9704_01-scaled.jpg'><img loading=\"lazy\" decoding=\"async\" width=\"300\" height=\"200\" src=\"https:\/\/www.omzsrl.it\/wp-content\/uploads\/2024\/07\/DSC_9704_01-300x200.jpg\" class=\"attachment-medium size-medium\" alt=\"\" srcset=\"https:\/\/www.omzsrl.it\/wp-content\/uploads\/2024\/07\/DSC_9704_01-300x200.jpg 300w, https:\/\/www.omzsrl.it\/wp-content\/uploads\/2024\/07\/DSC_9704_01-1024x681.jpg 1024w, https:\/\/www.omzsrl.it\/wp-content\/uploads\/2024\/07\/DSC_9704_01-768x511.jpg 768w, https:\/\/www.omzsrl.it\/wp-content\/uploads\/2024\/07\/DSC_9704_01-1536x1022.jpg 1536w, https:\/\/www.omzsrl.it\/wp-content\/uploads\/2024\/07\/DSC_9704_01-2048x1363.jpg 2048w, https:\/\/www.omzsrl.it\/wp-content\/uploads\/2024\/07\/DSC_9704_01-24x16.jpg 24w, https:\/\/www.omzsrl.it\/wp-content\/uploads\/2024\/07\/DSC_9704_01-36x24.jpg 36w, https:\/\/www.omzsrl.it\/wp-content\/uploads\/2024\/07\/DSC_9704_01-48x32.jpg 48w, https:\/\/www.omzsrl.it\/wp-content\/uploads\/2024\/07\/DSC_9704_01-600x399.jpg 600w\" sizes=\"(max-width: 300px) 100vw, 300px\" \/><\/a>\n\t\t\t<\/dt><\/dl><dl class='gallery-item'>\n\t\t\t<dt class='gallery-icon landscape'>\n\t\t\t\t<a data-elementor-open-lightbox=\"yes\" data-elementor-lightbox-slideshow=\"fdb5dee\" data-elementor-lightbox-title=\"DSC_7141_01\" data-e-action-hash=\"#elementor-action%3Aaction%3Dlightbox%26settings%3DeyJpZCI6ODIwNSwidXJsIjoiaHR0cHM6XC9cL3d3dy5vbXpzcmwuaXRcL3dwLWNvbnRlbnRcL3VwbG9hZHNcLzIwMjRcLzA3XC9EU0NfNzE0MV8wMS1zY2FsZWQuanBnIiwic2xpZGVzaG93IjoiZmRiNWRlZSJ9\" href='https:\/\/www.omzsrl.it\/wp-content\/uploads\/2024\/07\/DSC_7141_01-scaled.jpg'><img loading=\"lazy\" decoding=\"async\" width=\"300\" height=\"200\" src=\"https:\/\/www.omzsrl.it\/wp-content\/uploads\/2024\/07\/DSC_7141_01-300x200.jpg\" class=\"attachment-medium size-medium\" alt=\"\" srcset=\"https:\/\/www.omzsrl.it\/wp-content\/uploads\/2024\/07\/DSC_7141_01-300x200.jpg 300w, https:\/\/www.omzsrl.it\/wp-content\/uploads\/2024\/07\/DSC_7141_01-1024x681.jpg 1024w, https:\/\/www.omzsrl.it\/wp-content\/uploads\/2024\/07\/DSC_7141_01-768x511.jpg 768w, https:\/\/www.omzsrl.it\/wp-content\/uploads\/2024\/07\/DSC_7141_01-1536x1022.jpg 1536w, https:\/\/www.omzsrl.it\/wp-content\/uploads\/2024\/07\/DSC_7141_01-2048x1363.jpg 2048w, https:\/\/www.omzsrl.it\/wp-content\/uploads\/2024\/07\/DSC_7141_01-24x16.jpg 24w, https:\/\/www.omzsrl.it\/wp-content\/uploads\/2024\/07\/DSC_7141_01-36x24.jpg 36w, https:\/\/www.omzsrl.it\/wp-content\/uploads\/2024\/07\/DSC_7141_01-48x32.jpg 48w, https:\/\/www.omzsrl.it\/wp-content\/uploads\/2024\/07\/DSC_7141_01-600x399.jpg 600w\" sizes=\"(max-width: 300px) 100vw, 300px\" \/><\/a>\n\t\t\t<\/dt><\/dl><dl class='gallery-item'>\n\t\t\t<dt class='gallery-icon landscape'>\n\t\t\t\t<a data-elementor-open-lightbox=\"yes\" data-elementor-lightbox-slideshow=\"fdb5dee\" data-elementor-lightbox-title=\"DSC_0238_01\" data-e-action-hash=\"#elementor-action%3Aaction%3Dlightbox%26settings%3DeyJpZCI6ODIwMywidXJsIjoiaHR0cHM6XC9cL3d3dy5vbXpzcmwuaXRcL3dwLWNvbnRlbnRcL3VwbG9hZHNcLzIwMjRcLzA3XC9EU0NfMDIzOF8wMS1zY2FsZWQuanBnIiwic2xpZGVzaG93IjoiZmRiNWRlZSJ9\" href='https:\/\/www.omzsrl.it\/wp-content\/uploads\/2024\/07\/DSC_0238_01-scaled.jpg'><img loading=\"lazy\" decoding=\"async\" width=\"300\" height=\"200\" src=\"https:\/\/www.omzsrl.it\/wp-content\/uploads\/2024\/07\/DSC_0238_01-300x200.jpg\" class=\"attachment-medium size-medium\" alt=\"\" srcset=\"https:\/\/www.omzsrl.it\/wp-content\/uploads\/2024\/07\/DSC_0238_01-300x200.jpg 300w, https:\/\/www.omzsrl.it\/wp-content\/uploads\/2024\/07\/DSC_0238_01-1024x681.jpg 1024w, https:\/\/www.omzsrl.it\/wp-content\/uploads\/2024\/07\/DSC_0238_01-768x511.jpg 768w, https:\/\/www.omzsrl.it\/wp-content\/uploads\/2024\/07\/DSC_0238_01-1536x1022.jpg 1536w, https:\/\/www.omzsrl.it\/wp-content\/uploads\/2024\/07\/DSC_0238_01-2048x1363.jpg 2048w, https:\/\/www.omzsrl.it\/wp-content\/uploads\/2024\/07\/DSC_0238_01-24x16.jpg 24w, https:\/\/www.omzsrl.it\/wp-content\/uploads\/2024\/07\/DSC_0238_01-36x24.jpg 36w, https:\/\/www.omzsrl.it\/wp-content\/uploads\/2024\/07\/DSC_0238_01-48x32.jpg 48w, https:\/\/www.omzsrl.it\/wp-content\/uploads\/2024\/07\/DSC_0238_01-600x399.jpg 600w\" sizes=\"(max-width: 300px) 100vw, 300px\" \/><\/a>\n\t\t\t<\/dt><\/dl><br style=\"clear: both\" \/><dl class='gallery-item'>\n\t\t\t<dt class='gallery-icon landscape'>\n\t\t\t\t<a data-elementor-open-lightbox=\"yes\" data-elementor-lightbox-slideshow=\"fdb5dee\" data-elementor-lightbox-title=\"IMG_6013\" data-e-action-hash=\"#elementor-action%3Aaction%3Dlightbox%26settings%3DeyJpZCI6ODIxMCwidXJsIjoiaHR0cHM6XC9cL3d3dy5vbXpzcmwuaXRcL3dwLWNvbnRlbnRcL3VwbG9hZHNcLzIwMjRcLzA3XC9JTUdfNjAxMy1zY2FsZWQuanBnIiwic2xpZGVzaG93IjoiZmRiNWRlZSJ9\" href='https:\/\/www.omzsrl.it\/wp-content\/uploads\/2024\/07\/IMG_6013-scaled.jpg'><img loading=\"lazy\" decoding=\"async\" width=\"300\" height=\"200\" src=\"https:\/\/www.omzsrl.it\/wp-content\/uploads\/2024\/07\/IMG_6013-300x200.jpg\" class=\"attachment-medium size-medium\" alt=\"\" srcset=\"https:\/\/www.omzsrl.it\/wp-content\/uploads\/2024\/07\/IMG_6013-300x200.jpg 300w, https:\/\/www.omzsrl.it\/wp-content\/uploads\/2024\/07\/IMG_6013-1024x683.jpg 1024w, https:\/\/www.omzsrl.it\/wp-content\/uploads\/2024\/07\/IMG_6013-768x512.jpg 768w, https:\/\/www.omzsrl.it\/wp-content\/uploads\/2024\/07\/IMG_6013-1536x1024.jpg 1536w, https:\/\/www.omzsrl.it\/wp-content\/uploads\/2024\/07\/IMG_6013-2048x1365.jpg 2048w, https:\/\/www.omzsrl.it\/wp-content\/uploads\/2024\/07\/IMG_6013-24x16.jpg 24w, https:\/\/www.omzsrl.it\/wp-content\/uploads\/2024\/07\/IMG_6013-36x24.jpg 36w, https:\/\/www.omzsrl.it\/wp-content\/uploads\/2024\/07\/IMG_6013-48x32.jpg 48w, https:\/\/www.omzsrl.it\/wp-content\/uploads\/2024\/07\/IMG_6013-600x400.jpg 600w\" sizes=\"(max-width: 300px) 100vw, 300px\" \/><\/a>\n\t\t\t<\/dt><\/dl><dl class='gallery-item'>\n\t\t\t<dt class='gallery-icon landscape'>\n\t\t\t\t<a data-elementor-open-lightbox=\"yes\" data-elementor-lightbox-slideshow=\"fdb5dee\" data-elementor-lightbox-title=\"DSC_9737_01\" data-e-action-hash=\"#elementor-action%3Aaction%3Dlightbox%26settings%3DeyJpZCI6ODIwMSwidXJsIjoiaHR0cHM6XC9cL3d3dy5vbXpzcmwuaXRcL3dwLWNvbnRlbnRcL3VwbG9hZHNcLzIwMjRcLzA3XC9EU0NfOTczN18wMS1zY2FsZWQuanBnIiwic2xpZGVzaG93IjoiZmRiNWRlZSJ9\" href='https:\/\/www.omzsrl.it\/wp-content\/uploads\/2024\/07\/DSC_9737_01-scaled.jpg'><img loading=\"lazy\" decoding=\"async\" width=\"300\" height=\"200\" src=\"https:\/\/www.omzsrl.it\/wp-content\/uploads\/2024\/07\/DSC_9737_01-300x200.jpg\" class=\"attachment-medium size-medium\" alt=\"\" srcset=\"https:\/\/www.omzsrl.it\/wp-content\/uploads\/2024\/07\/DSC_9737_01-300x200.jpg 300w, https:\/\/www.omzsrl.it\/wp-content\/uploads\/2024\/07\/DSC_9737_01-1024x681.jpg 1024w, https:\/\/www.omzsrl.it\/wp-content\/uploads\/2024\/07\/DSC_9737_01-768x511.jpg 768w, https:\/\/www.omzsrl.it\/wp-content\/uploads\/2024\/07\/DSC_9737_01-1536x1022.jpg 1536w, https:\/\/www.omzsrl.it\/wp-content\/uploads\/2024\/07\/DSC_9737_01-2048x1363.jpg 2048w, https:\/\/www.omzsrl.it\/wp-content\/uploads\/2024\/07\/DSC_9737_01-24x16.jpg 24w, https:\/\/www.omzsrl.it\/wp-content\/uploads\/2024\/07\/DSC_9737_01-36x24.jpg 36w, https:\/\/www.omzsrl.it\/wp-content\/uploads\/2024\/07\/DSC_9737_01-48x32.jpg 48w, https:\/\/www.omzsrl.it\/wp-content\/uploads\/2024\/07\/DSC_9737_01-600x399.jpg 600w\" sizes=\"(max-width: 300px) 100vw, 300px\" \/><\/a>\n\t\t\t<\/dt><\/dl><dl class='gallery-item'>\n\t\t\t<dt class='gallery-icon landscape'>\n\t\t\t\t<a data-elementor-open-lightbox=\"yes\" data-elementor-lightbox-slideshow=\"fdb5dee\" data-elementor-lightbox-title=\"DSC_7557_01\" data-e-action-hash=\"#elementor-action%3Aaction%3Dlightbox%26settings%3DeyJpZCI6ODE5OSwidXJsIjoiaHR0cHM6XC9cL3d3dy5vbXpzcmwuaXRcL3dwLWNvbnRlbnRcL3VwbG9hZHNcLzIwMjRcLzA3XC9EU0NfNzU1N18wMS1zY2FsZWQuanBnIiwic2xpZGVzaG93IjoiZmRiNWRlZSJ9\" href='https:\/\/www.omzsrl.it\/wp-content\/uploads\/2024\/07\/DSC_7557_01-scaled.jpg'><img loading=\"lazy\" decoding=\"async\" width=\"300\" height=\"200\" src=\"https:\/\/www.omzsrl.it\/wp-content\/uploads\/2024\/07\/DSC_7557_01-300x200.jpg\" class=\"attachment-medium size-medium\" alt=\"\" srcset=\"https:\/\/www.omzsrl.it\/wp-content\/uploads\/2024\/07\/DSC_7557_01-300x200.jpg 300w, https:\/\/www.omzsrl.it\/wp-content\/uploads\/2024\/07\/DSC_7557_01-1024x681.jpg 1024w, https:\/\/www.omzsrl.it\/wp-content\/uploads\/2024\/07\/DSC_7557_01-768x511.jpg 768w, https:\/\/www.omzsrl.it\/wp-content\/uploads\/2024\/07\/DSC_7557_01-1536x1022.jpg 1536w, https:\/\/www.omzsrl.it\/wp-content\/uploads\/2024\/07\/DSC_7557_01-2048x1363.jpg 2048w, https:\/\/www.omzsrl.it\/wp-content\/uploads\/2024\/07\/DSC_7557_01-24x16.jpg 24w, https:\/\/www.omzsrl.it\/wp-content\/uploads\/2024\/07\/DSC_7557_01-36x24.jpg 36w, https:\/\/www.omzsrl.it\/wp-content\/uploads\/2024\/07\/DSC_7557_01-48x32.jpg 48w, https:\/\/www.omzsrl.it\/wp-content\/uploads\/2024\/07\/DSC_7557_01-600x399.jpg 600w\" sizes=\"(max-width: 300px) 100vw, 300px\" \/><\/a>\n\t\t\t<\/dt><\/dl><br style=\"clear: both\" \/>\n\t\t<\/div>\n\t\t<\/div>\n\t\t\t\t\t\t<\/div>\n\t\t\t\t<\/div>\n\t\t\t\t\t<\/div>\n\t\t<\/div>\n\t\t\t\t\t<\/div>\n\t\t<\/section>\n\t\t\t\t<section class=\"elementor-section elementor-top-section elementor-element elementor-element-765a916 elementor-section-boxed elementor-section-height-default elementor-section-height-default qodef-elementor-content-no\" data-id=\"765a916\" data-element_type=\"section\" data-e-type=\"section\">\n\t\t\t\t\t\t<div class=\"elementor-container elementor-column-gap-default\">\n\t\t\t\t\t<div class=\"elementor-column elementor-col-25 elementor-top-column elementor-element elementor-element-4802a20\" data-id=\"4802a20\" data-element_type=\"column\" data-e-type=\"column\">\n\t\t\t<div class=\"elementor-widget-wrap elementor-element-populated\">\n\t\t\t\t\t\t<div class=\"elementor-element elementor-element-1917144 elementor-widget elementor-widget-text-editor\" data-id=\"1917144\" data-element_type=\"widget\" data-e-type=\"widget\" data-widget_type=\"text-editor.default\">\n\t\t\t\t<div class=\"elementor-widget-container\">\n\t\t\t\t\t\t\t\t\t<div class=\"infobox__row infobox__title store-location\"><strong>SUD LAVAGGIO SRL<\/strong><\/div><div>\u00a0<\/div><div class=\"infobox__row infobox__title store-location\">Zona Industriale Papa Benedetto XVI &#8211; Lotto 21 Lamezia Terme, Italy<\/div>\t\t\t\t\t\t\t\t<\/div>\n\t\t\t\t<\/div>\n\t\t\t\t\t<\/div>\n\t\t<\/div>\n\t\t\t\t<div class=\"elementor-column elementor-col-25 elementor-top-column elementor-element elementor-element-bc75b5d\" data-id=\"bc75b5d\" data-element_type=\"column\" data-e-type=\"column\">\n\t\t\t<div class=\"elementor-widget-wrap elementor-element-populated\">\n\t\t\t\t\t\t<div class=\"elementor-element elementor-element-bedf943 elementor-widget__width-initial elementor-widget elementor-widget-text-editor\" data-id=\"bedf943\" data-element_type=\"widget\" data-e-type=\"widget\" data-widget_type=\"text-editor.default\">\n\t\t\t\t<div class=\"elementor-widget-container\">\n\t\t\t\t\t\t\t\t\t<div id=\"info-website\" class=\"infobox__subtitle\"><strong>Website<\/strong><\/div><div>\u00a0<\/div><div class=\"infobox__subtitle\"><a href=\"http:\/\/www.sudlavaggiosrl.it\">http:\/\/www.sudlavaggiosrl.it<\/a><\/div>\t\t\t\t\t\t\t\t<\/div>\n\t\t\t\t<\/div>\n\t\t\t\t\t<\/div>\n\t\t<\/div>\n\t\t\t\t<div class=\"elementor-column elementor-col-25 elementor-top-column elementor-element elementor-element-fef37bf\" data-id=\"fef37bf\" data-element_type=\"column\" data-e-type=\"column\">\n\t\t\t<div class=\"elementor-widget-wrap elementor-element-populated\">\n\t\t\t\t\t\t<div class=\"elementor-element elementor-element-e7b3254 elementor-widget__width-initial elementor-widget elementor-widget-text-editor\" data-id=\"e7b3254\" data-element_type=\"widget\" data-e-type=\"widget\" data-widget_type=\"text-editor.default\">\n\t\t\t\t<div class=\"elementor-widget-container\">\n\t\t\t\t\t\t\t\t\t<div id=\"info-email\" class=\"infobox__subtitle\"><strong>Email<\/strong><\/div><div>\u00a0<\/div><div class=\"infobox__subtitle\"><a href=\"mailto:sudlavaggio.amministrazione@gmail.com\">sudlavaggio.amministrazione@gmail.com<\/a><\/div>\t\t\t\t\t\t\t\t<\/div>\n\t\t\t\t<\/div>\n\t\t\t\t\t<\/div>\n\t\t<\/div>\n\t\t\t\t<div class=\"elementor-column elementor-col-25 elementor-top-column elementor-element elementor-element-70c1ccd\" data-id=\"70c1ccd\" data-element_type=\"column\" data-e-type=\"column\">\n\t\t\t<div class=\"elementor-widget-wrap elementor-element-populated\">\n\t\t\t\t\t\t<div class=\"elementor-element elementor-element-476f21a elementor-widget__width-initial elementor-widget elementor-widget-text-editor\" data-id=\"476f21a\" data-element_type=\"widget\" data-e-type=\"widget\" data-widget_type=\"text-editor.default\">\n\t\t\t\t<div class=\"elementor-widget-container\">\n\t\t\t\t\t\t\t\t\t<div id=\"info-tel\" class=\"infobox__subtitle\"><strong>Phone<\/strong><\/div><div>\u00a0<\/div><div class=\"infobox__subtitle\"><a href=\"tel:0968462187\"><span class=\"elementor-icon-list-text\">(39) 0968 46 21 87<\/span><\/a><\/div>\t\t\t\t\t\t\t\t<\/div>\n\t\t\t\t<\/div>\n\t\t\t\t\t<\/div>\n\t\t<\/div>\n\t\t\t\t\t<\/div>\n\t\t<\/section>\n\t\t\t\t<\/div>\n\t\t","protected":false},"excerpt":{"rendered":"<p>Sud Lavaggio Srl Puoi descrivere brevemente la tua esperienza con OMZ srl?Autopromotec Bologna 2002. Inizi\u00f2 da l\u00ec la conoscenza tra SUD LAVAGGIO SRL e OMZ SRL. Incuriositi dallo stand e dalle attrezzature proposte mio Padre, fondatore dell&#8217;impianto di lavaggio, decise di acquistare la prima testa rotante manuale, per lavare e bonificare piccoli contenitori e cisterne&#8230;. [&hellip;]<\/p>\n","protected":false},"author":2,"featured_media":0,"parent":0,"menu_order":0,"comment_status":"closed","ping_status":"closed","template":"","meta":{"footnotes":""},"class_list":["post-8227","page","type-page","status-publish","hentry"],"_links":{"self":[{"href":"https:\/\/www.omzsrl.it\/en\/wp-json\/wp\/v2\/pages\/8227"}],"collection":[{"href":"https:\/\/www.omzsrl.it\/en\/wp-json\/wp\/v2\/pages"}],"about":[{"href":"https:\/\/www.omzsrl.it\/en\/wp-json\/wp\/v2\/types\/page"}],"author":[{"embeddable":true,"href":"https:\/\/www.omzsrl.it\/en\/wp-json\/wp\/v2\/users\/2"}],"replies":[{"embeddable":true,"href":"https:\/\/www.omzsrl.it\/en\/wp-json\/wp\/v2\/comments?post=8227"}],"version-history":[{"count":7,"href":"https:\/\/www.omzsrl.it\/en\/wp-json\/wp\/v2\/pages\/8227\/revisions"}],"predecessor-version":[{"id":8289,"href":"https:\/\/www.omzsrl.it\/en\/wp-json\/wp\/v2\/pages\/8227\/revisions\/8289"}],"wp:attachment":[{"href":"https:\/\/www.omzsrl.it\/en\/wp-json\/wp\/v2\/media?parent=8227"}],"curies":[{"name":"wp","href":"https:\/\/api.w.org\/{rel}","templated":true}]}}